{"id":54845,"date":"2022-07-28T15:27:03","date_gmt":"2022-07-28T13:27:03","guid":{"rendered":"https:\/\/schlagfix.com\/?page_id=54845"},"modified":"2024-03-19T16:16:59","modified_gmt":"2024-03-19T14:16:59","slug":"faq","status":"publish","type":"page","link":"https:\/\/schlagfix.com\/en\/faq\/","title":{"rendered":"FAQ"},"content":{"rendered":"<p>[et_pb_section fb_built=&#8221;1&#8243; custom_padding_last_edited=&#8221;on|phone&#8221; next_background_color=&#8221;#ffffff&#8221; _builder_version=&#8221;4.17.6&#8243; _module_preset=&#8221;default&#8221; background_image=&#8221;https:\/\/schlagfix.com\/media\/2022\/08\/Design-ohne-Titel-37.png&#8221; parallax=&#8221;on&#8221; background_enable_video_mp4=&#8221;off&#8221; height=&#8221;61vh&#8221; height_tablet=&#8221;60vh&#8221; height_phone=&#8221;60vh&#8221; height_last_edited=&#8221;on|phone&#8221; max_height=&#8221;100vh&#8221; max_height_tablet=&#8221;60vh&#8221; max_height_phone=&#8221;60vh&#8221; max_height_last_edited=&#8221;on|tablet&#8221; custom_margin=&#8221;0px||0px||false|false&#8221; custom_padding=&#8221;0px||0px||false|false&#8221; custom_padding_tablet=&#8221;100px||100px||true|false&#8221; custom_padding_phone=&#8221;100px||100px||true|false&#8221; bottom_divider_style=&#8221;curve&#8221; animation_style=&#8221;fade&#8221; animation_duration=&#8221;850ms&#8221; locked=&#8221;off&#8221; global_colors_info=&#8221;{}&#8221;][et_pb_row custom_padding_last_edited=&#8221;on|phone&#8221; _builder_version=&#8221;4.17.4&#8243; _module_preset=&#8221;default&#8221; positioning=&#8221;absolute&#8221; position_origin_a=&#8221;center_center&#8221; position_origin_a_tablet=&#8221;center_center&#8221; position_origin_a_phone=&#8221;center_center&#8221; position_origin_a_last_edited=&#8221;on|phone&#8221; position_origin_f_tablet=&#8221;&#8221; position_origin_f_phone=&#8221;&#8221; position_origin_f_last_edited=&#8221;on|phone&#8221; position_origin_r_tablet=&#8221;&#8221; position_origin_r_phone=&#8221;&#8221; position_origin_r_last_edited=&#8221;on|phone&#8221; width=&#8221;90%&#8221; max_width=&#8221;770px&#8221; custom_margin=&#8221;1px|auto|-20px|auto|false|false&#8221; custom_padding=&#8221;0px||0px||false|false&#8221; custom_padding_tablet=&#8221;0px||||false|false&#8221; custom_padding_phone=&#8221;0px||0px||false|false&#8221; positioning_tablet=&#8221;none&#8221; positioning_phone=&#8221;none&#8221; positioning_last_edited=&#8221;on|tablet&#8221; custom_css_main_element=&#8221;text-align:center;&#8221; global_colors_info=&#8221;{}&#8221;][et_pb_column type=&#8221;4_4&#8243; _builder_version=&#8221;4.17.4&#8243; _module_preset=&#8221;default&#8221; global_colors_info=&#8221;{}&#8221;][et_pb_text _builder_version=&#8221;4.24.0&#8243; _module_preset=&#8221;default&#8221; text_font=&#8221;Stars  Love|600|||||||&#8221; text_text_color=&#8221;#4c4c4c&#8221; text_font_size=&#8221;52px&#8221; text_line_height=&#8221;1.1em&#8221; text_orientation=&#8221;center&#8221; hover_enabled=&#8221;0&#8243; locked=&#8221;off&#8221; global_colors_info=&#8221;{}&#8221; sticky_enabled=&#8221;0&#8243;]<\/p>\n<p>Oft gestellte Fragen<\/p>\n<p>[\/et_pb_text][\/et_pb_column][\/et_pb_row][\/et_pb_section][et_pb_section fb_built=&#8221;1&#8243; _builder_version=&#8221;4.16&#8243; custom_padding=&#8221;58px|0px|58px|0px|true|false&#8221; global_colors_info=&#8221;{}&#8221;][et_pb_row _builder_version=&#8221;4.16&#8243; global_colors_info=&#8221;{}&#8221;][et_pb_column type=&#8221;4_4&#8243; _builder_version=&#8221;4.16&#8243; custom_padding=&#8221;|||&#8221; global_colors_info=&#8221;{}&#8221; custom_padding__hover=&#8221;|||&#8221;][et_pb_toggle title=&#8221;WIE VERWENDE ICH SCHLAGFIX SCHLAGCREME?&#8221; open=&#8221;on&#8221; open_toggle_text_color=&#8221;#e53b18&#8243; open_toggle_background_color=&#8221;rgba(0,0,0,0)&#8221; closed_toggle_text_color=&#8221;#297FCA&#8221; closed_toggle_background_color=&#8221;rgba(0,0,0,0)&#8221; icon_color=&#8221;rgba(0,0,0,0)&#8221; open_icon_color=&#8221;rgba(0,0,0,0)&#8221; _builder_version=&#8221;4.24.0&#8243; title_text_color=&#8221;#e53b18&#8243; title_font=&#8221;Montserrat Regular||||||||&#8221; title_font_size=&#8221;20px&#8221; title_letter_spacing=&#8221;2px&#8221; body_font=&#8221;Montserrat Regular|300|||||||&#8221; body_text_color=&#8221;#000000&#8243; body_font_size=&#8221;16px&#8221; body_line_height=&#8221;1.8em&#8221; background_color=&#8221;rgba(0,0,0,0)&#8221; custom_padding=&#8221;0px||28px||false&#8221; hover_enabled=&#8221;0&#8243; border_width_all=&#8221;0px&#8221; border_width_bottom=&#8221;1px&#8221; border_color_bottom=&#8221;#e8e8e8&#8243; global_colors_info=&#8221;{}&#8221; closed_title_font=&#8221;Montserrat Regular||||||||&#8221; sticky_enabled=&#8221;0&#8243;]<\/p>\n<p><span>Verwenden Sie Schlagfix Schlagcreme grunds\u00e4tzlich genauso wie herk\u00f6mmliche Milchsahne. M\u00f6chten Sie die Schlagcreme aufgeschlagen weiterverarbeiten, ist es wichtig, die Schlagcreme immer zuerst aufzuschlagen, bevor Sie weitere Zutaten hinzuf\u00fcgen.<\/span><\/p>\n<p><span>F\u00fcr ein bestm\u00f6gliches Aufschlagergebnis lagern Sie die Schlagcreme vor Gebrauch bitte einige Stunden im K\u00fchlschrank und schlagen die Creme bei mittlerer Stufe mit einem Mixer auf.<\/span><\/p>\n<p>[\/et_pb_toggle][et_pb_toggle title=&#8221;WO ERHALTE ICH SCHLAGFIX PRODUKTE?&#8221; open_toggle_text_color=&#8221;#e53b18&#8243; open_toggle_background_color=&#8221;rgba(0,0,0,0)&#8221; closed_toggle_text_color=&#8221;#e53b18&#8243; closed_toggle_background_color=&#8221;rgba(0,0,0,0)&#8221; icon_color=&#8221;rgba(0,0,0,0.24)&#8221; open_icon_color=&#8221;rgba(0,0,0,0)&#8221; _builder_version=&#8221;4.24.0&#8243; title_text_color=&#8221;#e53b18&#8243; title_font=&#8221;Montserrat Regular||||||||&#8221; title_font_size=&#8221;20px&#8221; body_font=&#8221;Montserrat Regular|300|||||||&#8221; body_text_color=&#8221;#000000&#8243; body_font_size=&#8221;16px&#8221; body_line_height=&#8221;1.8em&#8221; background_color=&#8221;rgba(0,0,0,0)&#8221; custom_padding=&#8221;0px||28px||false&#8221; hover_enabled=&#8221;0&#8243; border_width_all=&#8221;0px&#8221; border_width_bottom=&#8221;1px&#8221; border_color_bottom=&#8221;#e8e8e8&#8243; global_colors_info=&#8221;{}&#8221; closed_title_font=&#8221;Montserrat Regular||||||||&#8221; sticky_enabled=&#8221;0&#8243;]<\/p>\n<div data-wrapper=\"true\" aria-expanded=\"true\">\n<div class=\"uk-accordion-content uk-active\">\n<div class=\"uk-margin\">Sie erhalten Schlagfix Produkte im regul\u00e4ren Supermarkt (z.B.: bei Kaufland, Real, Edeka, Globus, Famila, Tegut, Netto oder Metro) wie auch im veganen Fach- und Onlinehandel (z.B.: Veganz, AVE, Veganic). Es ist sogar m\u00f6glich, Schlagfix Produkte via eBay zu bestellen.<\/div>\n<\/div>\n<\/div>\n<p>[\/et_pb_toggle][et_pb_toggle title=&#8221;WELCHE VORTEILE HABE ICH BEI DER VERWENDUNG VON SCHLAGFIX PRODUKTEN?&#8221; open_toggle_text_color=&#8221;#e53b18&#8243; open_toggle_background_color=&#8221;rgba(0,0,0,0)&#8221; closed_toggle_text_color=&#8221;#e53b18&#8243; closed_toggle_background_color=&#8221;rgba(0,0,0,0)&#8221; icon_color=&#8221;rgba(0,0,0,0.24)&#8221; open_icon_color=&#8221;rgba(0,0,0,0)&#8221; _builder_version=&#8221;4.24.0&#8243; title_text_color=&#8221;#e53b18&#8243; title_font=&#8221;Montserrat Regular||||||||&#8221; title_font_size=&#8221;20px&#8221; body_font=&#8221;Montserrat Regular|300|||||||&#8221; body_text_color=&#8221;#000000&#8243; body_font_size=&#8221;16px&#8221; body_line_height=&#8221;1.8em&#8221; background_color=&#8221;rgba(0,0,0,0)&#8221; custom_padding=&#8221;0px||28px||false&#8221; hover_enabled=&#8221;0&#8243; border_width_all=&#8221;0px&#8221; border_width_bottom=&#8221;1px&#8221; border_color_bottom=&#8221;#e8e8e8&#8243; global_colors_info=&#8221;{}&#8221; sticky_enabled=&#8221;0&#8243; closed_title_font=&#8221;Montserrat Regular||||||||&#8221;]<\/p>\n<p><span>Rein pflanzliche Produkte von Schlagfix er\u00f6ffnen Ihnen zahlreiche Vorteile gegen\u00fcber den jeweiligen tierischen Vergleichsprodukten. Sie tun nicht nur der Umwelt und Tierwelt, sondern auch ihrer Gesundheit etwas Gutes. Dar\u00fcber hinaus offerieren Ihnen Schlagfix Produkte zahlreiche zus\u00e4tzliche Anwendungsoptionen.<\/span><\/p>\n<p><span>So kann Schlagfix Schlagcreme, im Gegensatz zu tierischer Sahne, beispielsweise problemlos mit Fruchts\u00e4uren oder Alkohol verarbeitet oder im aufgeschlagenen Zustand eingefroren werden. Sie weist eine deutlich h\u00f6here Standstabilit\u00e4t als Milchsahne auf und verf\u00fcgt dazu \u00fcber ein Aufschlagvolumen von ca. 400% (Milchsahne: 80 &#8211; 100%).<\/span><\/p>\n<p>[\/et_pb_toggle][et_pb_toggle title=&#8221;SIND SCHLAGFIX PRODUKTE F\u00dcR ALLERGIKER GEEIGNET?&#8221; open_toggle_text_color=&#8221;#e53b18&#8243; open_toggle_background_color=&#8221;rgba(0,0,0,0)&#8221; closed_toggle_text_color=&#8221;#e53b18&#8243; closed_toggle_background_color=&#8221;rgba(0,0,0,0)&#8221; icon_color=&#8221;rgba(0,0,0,0.24)&#8221; open_icon_color=&#8221;rgba(0,0,0,0)&#8221; _builder_version=&#8221;4.24.0&#8243; title_text_color=&#8221;#e53b18&#8243; title_font=&#8221;Montserrat Regular||||||||&#8221; title_font_size=&#8221;20px&#8221; body_font=&#8221;Montserrat Regular|300|||||||&#8221; body_text_color=&#8221;#000000&#8243; body_font_size=&#8221;16px&#8221; body_line_height=&#8221;1.8em&#8221; background_color=&#8221;rgba(0,0,0,0)&#8221; custom_padding=&#8221;0px||28px||false&#8221; hover_enabled=&#8221;0&#8243; border_width_all=&#8221;0px&#8221; border_width_bottom=&#8221;1px&#8221; border_color_bottom=&#8221;#e8e8e8&#8243; global_colors_info=&#8221;{}&#8221; closed_title_font=&#8221;Montserrat Regular||||||||&#8221; sticky_enabled=&#8221;0&#8243;]<\/p>\n<div class=\"uk-margin uk-text-center\"><img decoding=\"async\" src=\"https:\/\/schlagfix.com\/images\/Allergene.png\" class=\" uk-overlay-scale\" alt=\"Sind Schlagfix Produkte f\u00fcr Allergiker geeignet?\" \/><\/div>\n<div class=\"uk-margin\">Alle Schlagfix Produkte sind laktose-, gluten- und cholesterinfrei. Dar\u00fcber hinaus sind fast alle Schlagfix Produkte frei von den Hauptallergen. Detaillierte Informationen hierzu finden Sie in der obenstehenden Abbildung.<\/div>\n<p>[\/et_pb_toggle][et_pb_toggle title=&#8221;WIE HOCH IST DER TRANSFETTS\u00c4UREGEHALT BEI SCHLAGFIX PRODUKTEN?&#8221; open_toggle_text_color=&#8221;#e53b18&#8243; open_toggle_background_color=&#8221;rgba(0,0,0,0)&#8221; closed_toggle_text_color=&#8221;#e53b18&#8243; closed_toggle_background_color=&#8221;rgba(0,0,0,0)&#8221; icon_color=&#8221;rgba(0,0,0,0.24)&#8221; open_icon_color=&#8221;rgba(0,0,0,0)&#8221; _builder_version=&#8221;4.24.0&#8243; title_text_color=&#8221;#e53b18&#8243; title_font=&#8221;Montserrat Regular||||||||&#8221; title_font_size=&#8221;20px&#8221; body_font=&#8221;Montserrat Regular|300|||||||&#8221; body_text_color=&#8221;#000000&#8243; body_font_size=&#8221;16px&#8221; body_line_height=&#8221;1.8em&#8221; background_color=&#8221;rgba(0,0,0,0)&#8221; custom_padding=&#8221;0px||28px||false&#8221; hover_enabled=&#8221;0&#8243; border_width_all=&#8221;0px&#8221; border_width_bottom=&#8221;1px&#8221; border_color_bottom=&#8221;#e8e8e8&#8243; global_colors_info=&#8221;{}&#8221; closed_title_font=&#8221;Montserrat Regular||||||||&#8221; sticky_enabled=&#8221;0&#8243;]<\/p>\n<div class=\"uk-margin uk-text-center\"><img decoding=\"async\" src=\"https:\/\/schlagfix.com\/images\/illustration\/transfett.jpg\" class=\" uk-overlay-scale\" alt=\"Wie hoch ist der Transfetts\u00e4uregehalt bei Schlagfix Produkten?\" \/><\/div>\n<div class=\"uk-margin\">\n<p>Viele Verbraucher achten beim Kauf von Produkten auf deren Anteil an geh\u00e4rteten Fetten, denn geschieht die Fetth\u00e4rtung nicht komplett, k\u00f6nnen dabei sch\u00e4dliche Transfetts\u00e4uren entstehen. Wichtig ist dabei jedoch zu beachten, dass geh\u00e4rtete Fette nicht mit Transfetts\u00e4uren gleichzusetzen sind. Entscheidend ist das angewandte H\u00e4rtungsverfahren und, ob dabei die Fetth\u00e4rtung vollst\u00e4ndig geschieht.<\/p>\n<p>Es empfiehlt sich deshalb f\u00fcr vermeintlich kritische Produkte immer, den genauen Transfettgehalt nachzuschlagen. Schlagfix Produkte sind aufgrund des besonders schonenden H\u00e4rtungsverfahrens nahezu transfetts\u00e4urefrei. Im Vergleich zu ihren tierischen Vergleichsprodukten beinhalten sie deutlich weniger Transfette.<\/p>\n<\/div>\n<p>[\/et_pb_toggle][et_pb_toggle title=&#8221;WARUM ENTHALTEN MANCHE SCHLAGFIX PRODUKTE PALMKERN\u00d6L?&#8221; open_toggle_text_color=&#8221;#e53b18&#8243; open_toggle_background_color=&#8221;rgba(0,0,0,0)&#8221; closed_toggle_text_color=&#8221;#e53b18&#8243; closed_toggle_background_color=&#8221;rgba(0,0,0,0)&#8221; icon_color=&#8221;rgba(0,0,0,0.24)&#8221; open_icon_color=&#8221;rgba(0,0,0,0)&#8221; _builder_version=&#8221;4.24.0&#8243; title_text_color=&#8221;#e53b18&#8243; title_font=&#8221;Montserrat Regular||||||||&#8221; title_font_size=&#8221;20px&#8221; body_font=&#8221;Montserrat Regular|300|||||||&#8221; body_text_color=&#8221;#000000&#8243; body_font_size=&#8221;16px&#8221; body_line_height=&#8221;1.8em&#8221; background_color=&#8221;rgba(0,0,0,0)&#8221; custom_padding=&#8221;0px||28px||false&#8221; hover_enabled=&#8221;0&#8243; border_width_all=&#8221;0px&#8221; border_width_bottom=&#8221;1px&#8221; border_color_bottom=&#8221;#e8e8e8&#8243; global_colors_info=&#8221;{}&#8221; closed_title_font=&#8221;Montserrat Regular||||||||&#8221; sticky_enabled=&#8221;0&#8243;]<\/p>\n<p><span>Die Verwendung von Palmkern\u00f6l wird von vielen Menschen grunds\u00e4tzlich abgelehnt. Diese Einstellung ist allerdings grundfalsch. Denn gerade das oft so umstrittene Palmkern\u00f6l kann eine Schl\u00fcsselrolle zur zuk\u00fcnftigen Erhaltung nat\u00fcrlicher Lebensr\u00e4ume einnehmen. Durch seine hohe Ertragskraft ben\u00f6tigt es nur einen Bruchteil der Anbaufl\u00e4che vergleichbarer Rohstoffe (wie bspw. Soja, Raps, Sonnenblumen) um dieselbe Menge Pflanzen\u00f6l zur Verf\u00fcgung zu stellen. Um eine Weltbev\u00f6lkerung, die 2050 die 10 Milliardenmarke erreichen wird, zu ern\u00e4hren, werden wir unsere Rohstoffe zuk\u00fcnftig vor allem auch nach ihrer Fl\u00e4cheneffizienz beurteilen m\u00fcssen.<\/span><\/p>\n<p><span>Dies ist auch der Hauptgrund, warum Organisationen wie bspw. Greenpeace mittlerweile davon abraten, Palm\u00f6l durch andere Pflanzenfette zu ersetzen. Der Anbau w\u00fcrde dann ein Vielfaches der Anbaufl\u00e4che von Palm\u00f6l verschlingen.<\/span><\/p>\n<p><span>Die L\u00f6sung kann deshalb unserer Meinung nach nur nachhaltiges Palm\u00f6l hei\u00dfen. Deshalb verwenden wir in unseren Schlagfix Produkten ausschlie\u00dflich nachhaltig zertifiziertes Palmkern\u00f6l (RSPO) und setzen uns aktiv f\u00fcr eine weitere Verbesserung der \u00f6kologischen Standards und Kontrollmechanismen beim nachhaltigen Anbau von Palm\u00f6l ein. Schon heute k\u00f6nnen wir garantieren, dass f\u00fcr das in Schlagfix Produkten verwendete Palmkern\u00f6l keine W\u00e4lder gerodet oder Menschen vertrieben wurden.<\/span><\/p>\n<p>[\/et_pb_toggle][et_pb_toggle title=&#8221;WARUM ENTHALTEN SCHLAGFIX PRODUKTE SOGENANNTE ZUSATZSTOFFE?&#8221; open_toggle_text_color=&#8221;#e53b18&#8243; open_toggle_background_color=&#8221;rgba(0,0,0,0)&#8221; closed_toggle_text_color=&#8221;#e53b18&#8243; closed_toggle_background_color=&#8221;rgba(0,0,0,0)&#8221; icon_color=&#8221;rgba(0,0,0,0.24)&#8221; open_icon_color=&#8221;rgba(0,0,0,0)&#8221; _builder_version=&#8221;4.24.0&#8243; title_text_color=&#8221;#e53b18&#8243; title_font=&#8221;Montserrat Regular||||||||&#8221; title_font_size=&#8221;20px&#8221; body_font=&#8221;Montserrat Regular|300|||||||&#8221; body_text_color=&#8221;#000000&#8243; body_font_size=&#8221;16px&#8221; body_line_height=&#8221;1.8em&#8221; background_color=&#8221;rgba(0,0,0,0)&#8221; custom_padding=&#8221;0px||28px||false&#8221; hover_enabled=&#8221;0&#8243; border_width_all=&#8221;0px&#8221; border_width_bottom=&#8221;1px&#8221; border_color_bottom=&#8221;#e8e8e8&#8243; global_colors_info=&#8221;{}&#8221; closed_title_font=&#8221;Montserrat Regular||||||||&#8221; sticky_enabled=&#8221;0&#8243;]<\/p>\n<p><span>Viele Verbraucher st\u00f6ren sich an der Verwendung sogenannter Lebensmittelzusatzstoffe, wie sie auch in Schlagfix Produkten verwendet werden. Dabei lohnt sich auch hier ein genauerer Blick, denn innerhalb der Gruppe dieser sogenannten E-Stoffe gibt es gro\u00dfe Unterschiede. So werden alle in Schlagfix Produkten verwendeten Zusatzstoffe selbstverst\u00e4ndlich gentechnikfrei und nur aus nat\u00fcrlichen, pflanzlichen Rohstoffen hergestellt.<\/span><\/p>\n<p><span>Zusatzstoffe werden in unseren Produkten zudem nur verwendet, wenn diese alternativlos (beispielsweise um Wasser und Pflanzenfett zu einer stabilen Mixtur zusammen zu bringen) und vollkommen unbedenklich sind. Hierbei kommen vor allem Fettglyceride und verschiedene Cellulosen zum Einsatz.<\/span><\/p>\n<p>[\/et_pb_toggle][et_pb_button button_url=&#8221;https:\/\/schlagfix.com\/kontakt\/&#8221; url_new_window=&#8221;on&#8221; button_text=&#8221;Weitere Fragen? Zum Kontaktformular&#8221; button_alignment=&#8221;center&#8221; _builder_version=&#8221;4.24.0&#8243; _module_preset=&#8221;default&#8221; custom_button=&#8221;on&#8221; button_text_size=&#8221;16px&#8221; button_text_color=&#8221;#FFFFFF&#8221; button_bg_color=&#8221;#e53b18&#8243; button_border_color=&#8221;RGBA(255,255,255,0)&#8221; button_border_radius=&#8221;0px&#8221; button_font=&#8221;Montserrat Regular||||||||&#8221; button_use_icon=&#8221;off&#8221; custom_margin=&#8221;0px||0px||false|false&#8221; custom_padding=&#8221;4px|30px|4px|30px|true|true&#8221; hover_enabled=&#8221;0&#8243; locked=&#8221;off&#8221; global_colors_info=&#8221;{}&#8221; transform_styles__hover_enabled=&#8221;on|hover&#8221; transform_scale__hover_enabled=&#8221;on|desktop&#8221; transform_translate__hover=&#8221;0px|-2px&#8221; transform_translate__hover_enabled=&#8221;on|hover&#8221; transform_rotate__hover_enabled=&#8221;on|desktop&#8221; transform_skew__hover_enabled=&#8221;on|desktop&#8221; transform_origin__hover_enabled=&#8221;on|desktop&#8221; button_letter_spacing__hover=&#8221;0px&#8221; button_letter_spacing__hover_enabled=&#8221;on|hover&#8221; sticky_enabled=&#8221;0&#8243;][\/et_pb_button][\/et_pb_column][\/et_pb_row][\/et_pb_section]<\/p>\n","protected":false},"excerpt":{"rendered":"<p>Oft gestellte FragenVerwenden Sie Schlagfix Schlagcreme grunds\u00e4tzlich genauso wie herk\u00f6mmliche Milchsahne. M\u00f6chten Sie die Schlagcreme aufgeschlagen weiterverarbeiten, ist es wichtig, die Schlagcreme immer zuerst aufzuschlagen, bevor Sie weitere Zutaten hinzuf\u00fcgen. F\u00fcr ein bestm\u00f6gliches Aufschlagergebnis lagern Sie die Schlagcreme vor Gebrauch bitte einige Stunden im K\u00fchlschrank und schlagen die Creme bei mittlerer Stufe mit einem Mixer [&hellip;]<\/p>\n","protected":false},"author":1,"featured_media":0,"parent":0,"menu_order":0,"comment_status":"closed","ping_status":"closed","template":"","meta":{"_et_pb_use_builder":"on","_et_pb_old_content":"","_et_gb_content_width":"","footnotes":""},"dipi_cpt_category":[],"class_list":["post-54845","page","type-page","status-publish","hentry"],"yoast_head":"<!-- This site is optimized with the Yoast SEO plugin v27.4 - https:\/\/yoast.com\/product\/yoast-seo-wordpress\/ -->\n<title>FAQ - Schlagfix<\/title>\n<meta name=\"robots\" content=\"index, follow, max-snippet:-1, max-image-preview:large, max-video-preview:-1\" \/>\n<link rel=\"canonical\" href=\"https:\/\/schlagfix.com\/en\/faq\/\" \/>\n<meta property=\"og:locale\" content=\"en_GB\" \/>\n<meta property=\"og:type\" content=\"article\" \/>\n<meta property=\"og:title\" content=\"FAQ - Schlagfix\" \/>\n<meta property=\"og:description\" content=\"Oft gestellte FragenVerwenden Sie Schlagfix Schlagcreme grunds\u00e4tzlich genauso wie herk\u00f6mmliche Milchsahne. M\u00f6chten Sie die Schlagcreme aufgeschlagen weiterverarbeiten, ist es wichtig, die Schlagcreme immer zuerst aufzuschlagen, bevor Sie weitere Zutaten hinzuf\u00fcgen. F\u00fcr ein bestm\u00f6gliches Aufschlagergebnis lagern Sie die Schlagcreme vor Gebrauch bitte einige Stunden im K\u00fchlschrank und schlagen die Creme bei mittlerer Stufe mit einem Mixer [&hellip;]\" \/>\n<meta property=\"og:url\" content=\"https:\/\/schlagfix.com\/en\/faq\/\" \/>\n<meta property=\"og:site_name\" content=\"Schlagfix\" \/>\n<meta property=\"article:modified_time\" content=\"2024-03-19T14:16:59+00:00\" \/>\n<meta property=\"og:image\" content=\"https:\/\/schlagfix.com\/images\/Allergene.png\" \/>\n<meta name=\"twitter:card\" content=\"summary_large_image\" \/>\n<script type=\"application\/ld+json\" class=\"yoast-schema-graph\">{\"@context\":\"https:\\\/\\\/schema.org\",\"@graph\":[{\"@type\":\"WebPage\",\"@id\":\"https:\\\/\\\/schlagfix.com\\\/faq\\\/\",\"url\":\"https:\\\/\\\/schlagfix.com\\\/faq\\\/\",\"name\":\"FAQ - Schlagfix\",\"isPartOf\":{\"@id\":\"https:\\\/\\\/schlagfix.com\\\/#website\"},\"primaryImageOfPage\":{\"@id\":\"https:\\\/\\\/schlagfix.com\\\/faq\\\/#primaryimage\"},\"image\":{\"@id\":\"https:\\\/\\\/schlagfix.com\\\/faq\\\/#primaryimage\"},\"thumbnailUrl\":\"https:\\\/\\\/schlagfix.com\\\/images\\\/Allergene.png\",\"datePublished\":\"2022-07-28T13:27:03+00:00\",\"dateModified\":\"2024-03-19T14:16:59+00:00\",\"breadcrumb\":{\"@id\":\"https:\\\/\\\/schlagfix.com\\\/faq\\\/#breadcrumb\"},\"inLanguage\":\"en-GB\",\"potentialAction\":[{\"@type\":\"ReadAction\",\"target\":[\"https:\\\/\\\/schlagfix.com\\\/faq\\\/\"]}]},{\"@type\":\"ImageObject\",\"inLanguage\":\"en-GB\",\"@id\":\"https:\\\/\\\/schlagfix.com\\\/faq\\\/#primaryimage\",\"url\":\"https:\\\/\\\/schlagfix.com\\\/images\\\/Allergene.png\",\"contentUrl\":\"https:\\\/\\\/schlagfix.com\\\/images\\\/Allergene.png\"},{\"@type\":\"BreadcrumbList\",\"@id\":\"https:\\\/\\\/schlagfix.com\\\/faq\\\/#breadcrumb\",\"itemListElement\":[{\"@type\":\"ListItem\",\"position\":1,\"name\":\"Startseite\",\"item\":\"https:\\\/\\\/schlagfix.com\\\/\"},{\"@type\":\"ListItem\",\"position\":2,\"name\":\"FAQ\"}]},{\"@type\":\"WebSite\",\"@id\":\"https:\\\/\\\/schlagfix.com\\\/#website\",\"url\":\"https:\\\/\\\/schlagfix.com\\\/\",\"name\":\"Schlagfix\",\"description\":\"vegane Produktwelt von LeHa\",\"potentialAction\":[{\"@type\":\"SearchAction\",\"target\":{\"@type\":\"EntryPoint\",\"urlTemplate\":\"https:\\\/\\\/schlagfix.com\\\/?s={search_term_string}\"},\"query-input\":{\"@type\":\"PropertyValueSpecification\",\"valueRequired\":true,\"valueName\":\"search_term_string\"}}],\"inLanguage\":\"en-GB\"}]}<\/script>\n<!-- \/ Yoast SEO plugin. -->","yoast_head_json":{"title":"FAQ - Schlagfix","robots":{"index":"index","follow":"follow","max-snippet":"max-snippet:-1","max-image-preview":"max-image-preview:large","max-video-preview":"max-video-preview:-1"},"canonical":"https:\/\/schlagfix.com\/en\/faq\/","og_locale":"en_GB","og_type":"article","og_title":"FAQ - Schlagfix","og_description":"Oft gestellte FragenVerwenden Sie Schlagfix Schlagcreme grunds\u00e4tzlich genauso wie herk\u00f6mmliche Milchsahne. M\u00f6chten Sie die Schlagcreme aufgeschlagen weiterverarbeiten, ist es wichtig, die Schlagcreme immer zuerst aufzuschlagen, bevor Sie weitere Zutaten hinzuf\u00fcgen. F\u00fcr ein bestm\u00f6gliches Aufschlagergebnis lagern Sie die Schlagcreme vor Gebrauch bitte einige Stunden im K\u00fchlschrank und schlagen die Creme bei mittlerer Stufe mit einem Mixer [&hellip;]","og_url":"https:\/\/schlagfix.com\/en\/faq\/","og_site_name":"Schlagfix","article_modified_time":"2024-03-19T14:16:59+00:00","og_image":[{"url":"https:\/\/schlagfix.com\/images\/Allergene.png","type":"","width":"","height":""}],"twitter_card":"summary_large_image","schema":{"@context":"https:\/\/schema.org","@graph":[{"@type":"WebPage","@id":"https:\/\/schlagfix.com\/faq\/","url":"https:\/\/schlagfix.com\/faq\/","name":"FAQ - Schlagfix","isPartOf":{"@id":"https:\/\/schlagfix.com\/#website"},"primaryImageOfPage":{"@id":"https:\/\/schlagfix.com\/faq\/#primaryimage"},"image":{"@id":"https:\/\/schlagfix.com\/faq\/#primaryimage"},"thumbnailUrl":"https:\/\/schlagfix.com\/images\/Allergene.png","datePublished":"2022-07-28T13:27:03+00:00","dateModified":"2024-03-19T14:16:59+00:00","breadcrumb":{"@id":"https:\/\/schlagfix.com\/faq\/#breadcrumb"},"inLanguage":"en-GB","potentialAction":[{"@type":"ReadAction","target":["https:\/\/schlagfix.com\/faq\/"]}]},{"@type":"ImageObject","inLanguage":"en-GB","@id":"https:\/\/schlagfix.com\/faq\/#primaryimage","url":"https:\/\/schlagfix.com\/images\/Allergene.png","contentUrl":"https:\/\/schlagfix.com\/images\/Allergene.png"},{"@type":"BreadcrumbList","@id":"https:\/\/schlagfix.com\/faq\/#breadcrumb","itemListElement":[{"@type":"ListItem","position":1,"name":"Startseite","item":"https:\/\/schlagfix.com\/"},{"@type":"ListItem","position":2,"name":"FAQ"}]},{"@type":"WebSite","@id":"https:\/\/schlagfix.com\/#website","url":"https:\/\/schlagfix.com\/","name":"SCHLAGFIX","description":"vegane Produktwelt von LeHa","potentialAction":[{"@type":"SearchAction","target":{"@type":"EntryPoint","urlTemplate":"https:\/\/schlagfix.com\/?s={search_term_string}"},"query-input":{"@type":"PropertyValueSpecification","valueRequired":true,"valueName":"search_term_string"}}],"inLanguage":"en-GB"}]}},"_links":{"self":[{"href":"https:\/\/schlagfix.com\/en\/wp-json\/wp\/v2\/pages\/54845","targetHints":{"allow":["GET"]}}],"collection":[{"href":"https:\/\/schlagfix.com\/en\/wp-json\/wp\/v2\/pages"}],"about":[{"href":"https:\/\/schlagfix.com\/en\/wp-json\/wp\/v2\/types\/page"}],"author":[{"embeddable":true,"href":"https:\/\/schlagfix.com\/en\/wp-json\/wp\/v2\/users\/1"}],"replies":[{"embeddable":true,"href":"https:\/\/schlagfix.com\/en\/wp-json\/wp\/v2\/comments?post=54845"}],"version-history":[{"count":1,"href":"https:\/\/schlagfix.com\/en\/wp-json\/wp\/v2\/pages\/54845\/revisions"}],"predecessor-version":[{"id":23418753,"href":"https:\/\/schlagfix.com\/en\/wp-json\/wp\/v2\/pages\/54845\/revisions\/23418753"}],"wp:attachment":[{"href":"https:\/\/schlagfix.com\/en\/wp-json\/wp\/v2\/media?parent=54845"}],"wp:term":[{"taxonomy":"dipi_cpt_category","embeddable":true,"href":"https:\/\/schlagfix.com\/en\/wp-json\/wp\/v2\/dipi_cpt_category?post=54845"}],"curies":[{"name":"wp","href":"https:\/\/api.w.org\/{rel}","templated":true}]}}