{"id":54687,"date":"2022-07-19T07:50:37","date_gmt":"2022-07-19T05:50:37","guid":{"rendered":"https:\/\/schlagfix.com\/?page_id=54687"},"modified":"2024-03-19T15:58:24","modified_gmt":"2024-03-19T13:58:24","slug":"ueber-uns","status":"publish","type":"page","link":"https:\/\/schlagfix.com\/en\/ueber-uns\/","title":{"rendered":"About us"},"content":{"rendered":"<p>[et_pb_section fb_built=&#8221;1&#8243; _builder_version=&#8221;4.17.4&#8243; _module_preset=&#8221;default&#8221; overflow-x=&#8221;hidden&#8221; overflow-y=&#8221;hidden&#8221; custom_margin=&#8221;0px||0px||false|false&#8221; custom_padding=&#8221;108px|0px|86px||false|false&#8221; global_colors_info=&#8221;{}&#8221;][et_pb_row column_structure=&#8221;1_2,1_2&#8243; use_custom_gutter=&#8221;on&#8221; gutter_width=&#8221;2&#8243; make_equal=&#8221;on&#8221; _builder_version=&#8221;4.17.6&#8243; _module_preset=&#8221;default&#8221; width=&#8221;90%&#8221; max_width=&#8221;1200px&#8221; custom_margin=&#8221;0px||0px||false|false&#8221; custom_padding=&#8221;0px||0px||false|false&#8221; animation_style=&#8221;slide&#8221; animation_direction=&#8221;bottom&#8221; animation_intensity_slide=&#8221;10%&#8221; global_colors_info=&#8221;{}&#8221;][et_pb_column type=&#8221;1_2&#8243; _builder_version=&#8221;4.17.6&#8243; _module_preset=&#8221;default&#8221; custom_padding=&#8221;|89px|||false|false&#8221; custom_padding_tablet=&#8221;|0px|||false|false&#8221; custom_padding_phone=&#8221;|0px|||false|false&#8221; custom_padding_last_edited=&#8221;on|tablet&#8221; global_colors_info=&#8221;{}&#8221;][et_pb_image src=&#8221;https:\/\/schlagfix.com\/media\/2022\/07\/Design-ohne-Titel-3.png&#8221; title_text=&#8221;Design ohne Titel (3)&#8221; align_tablet=&#8221;center&#8221; align_phone=&#8221;center&#8221; align_last_edited=&#8221;on|tablet&#8221; _builder_version=&#8221;4.17.4&#8243; _module_preset=&#8221;default&#8221; height_tablet=&#8221;470px&#8221; height_phone=&#8221;470px&#8221; height_last_edited=&#8221;on|tablet&#8221; custom_margin=&#8221;0px||0px||false|false&#8221; custom_padding=&#8221;0px||0px||false|false&#8221; border_radii=&#8221;off|25vw|25vw||&#8221; border_radii_tablet=&#8221;off|25vw|25vw||&#8221; border_radii_phone=&#8221;off|50vw|50vw||&#8221; border_radii_last_edited=&#8221;on|phone&#8221; global_colors_info=&#8221;{}&#8221;][\/et_pb_image][et_pb_image src=&#8221;https:\/\/schlagfix.com\/media\/2022\/06\/coffee-2-divider-sc5.png&#8221; disabled_on=&#8221;on|on|off&#8221; _builder_version=&#8221;4.17.6&#8243; _module_preset=&#8221;default&#8221; positioning=&#8221;absolute&#8221; position_origin_a=&#8221;center_right&#8221; horizontal_offset=&#8221;-37px&#8221; custom_margin=&#8221;0px|12px|0px|12px|false|true&#8221; custom_padding=&#8221;0px||0px||true|false&#8221; global_colors_info=&#8221;{}&#8221;][\/et_pb_image][\/et_pb_column][et_pb_column type=&#8221;1_2&#8243; _builder_version=&#8221;4.17.4&#8243; _module_preset=&#8221;default&#8221; custom_padding=&#8221;|||70px|false|false&#8221; custom_padding_tablet=&#8221;|||0px|false|false&#8221; custom_padding_phone=&#8221;|||0px|false|false&#8221; custom_padding_last_edited=&#8221;on|tablet&#8221; custom_css_main_element=&#8221;margin:auto;&#8221; global_colors_info=&#8221;{}&#8221;][et_pb_text _builder_version=&#8221;4.24.0&#8243; _module_preset=&#8221;default&#8221; header_2_font=&#8221;Stars  Love|700|||||||&#8221; header_2_text_align=&#8221;left&#8221; header_2_text_color=&#8221;#666666&#8243; header_2_font_size=&#8221;40px&#8221; custom_margin=&#8221;0px||10px||false|false&#8221; custom_padding=&#8221;0px||0px||false|false&#8221; header_2_font_size_tablet=&#8221;50px&#8221; header_2_font_size_phone=&#8221;35px&#8221; header_2_font_size_last_edited=&#8221;on|phone&#8221; global_colors_info=&#8221;{}&#8221;]<\/p>\n<h2>Die Vision<\/h2>\n<p>[\/et_pb_text][et_pb_text _builder_version=&#8221;4.24.0&#8243; _module_preset=&#8221;default&#8221; text_font=&#8221;Montserrat Regular|300|||||||&#8221; text_text_color=&#8221;#000000&#8243; text_font_size=&#8221;16px&#8221; custom_margin=&#8221;0px||20px||false|false&#8221; custom_padding=&#8221;0px||0px||false|false&#8221; global_colors_info=&#8221;{}&#8221;]<\/p>\n<p><span>Seit dem Jahr 2003 gibt es Schlagfix Produkte im Supermarkt. Strenge hausinterne Qualit\u00e4tskriterien, l\u00fcckenlose Kontrollen sowie st\u00e4ndige \u00dcberpr\u00fcfungen durch das renommierte Lebensmittel\u00fcberwachungsinstitut \u00d6HMI-Analytik Magdeburg garantieren eine herausragende Qualit\u00e4t. Bei den Rohstoffen achten wir auf einen lokalen und nachhaltigen Bezug. Unsere innovativen Rezepturen erm\u00f6glichen den bequemen Ersatz von tierischen Lebensmitteln.<\/span><\/p>\n<p>[\/et_pb_text][et_pb_text _builder_version=&#8221;4.24.0&#8243; _module_preset=&#8221;default&#8221; text_font=&#8221;Montserrat Regular|300|||||||&#8221; text_text_color=&#8221;#000000&#8243; text_font_size=&#8221;16px&#8221; custom_margin=&#8221;0px||20px||false|false&#8221; custom_padding=&#8221;0px||0px||false|false&#8221; global_colors_info=&#8221;{}&#8221;]<\/p>\n<p><span>Kalorienarm und leicht vertr\u00e4glich. Rein pflanzliche Milchersatzprodukte von Schlagfix sind die perfekte Alternative f\u00fcr Allergiker, Veganer und alle, die sich bewusst ern\u00e4hren wollen. Seit \u00fcber 10 Jahren verfolgt LeHA mit seiner Marke Schlagfix eine klare Strategie: Mit pflanzlichen Produkten gesunde Alternativen zu Milchprodukten schaffen.<\/span><\/p>\n<p>[\/et_pb_text][et_pb_button button_url=&#8221;https:\/\/schlagfix.com\/marktfinder\/&#8221; button_text=&#8221;Zum Marktfinder&#8221; button_alignment=&#8221;center&#8221; _builder_version=&#8221;4.24.0&#8243; _module_preset=&#8221;default&#8221; custom_button=&#8221;on&#8221; button_text_size=&#8221;16px&#8221; button_text_color=&#8221;#FFFFFF&#8221; button_bg_color=&#8221;#e53b18&#8243; button_border_color=&#8221;RGBA(255,255,255,0)&#8221; button_border_radius=&#8221;0px&#8221; button_font=&#8221;Montserrat Regular||||||||&#8221; button_use_icon=&#8221;off&#8221; custom_margin=&#8221;0px||0px||false|false&#8221; custom_padding=&#8221;4px|30px|4px|30px|true|true&#8221; button_bg_color_tablet=&#8221;#e53b18&#8243; button_bg_color_phone=&#8221;#e53b18&#8243; button_bg_color_last_edited=&#8221;on|phone&#8221; locked=&#8221;off&#8221; global_colors_info=&#8221;{}&#8221; transform_styles__hover_enabled=&#8221;on|hover&#8221; transform_scale__hover_enabled=&#8221;on|desktop&#8221; transform_translate__hover=&#8221;0px|-2px&#8221; transform_translate__hover_enabled=&#8221;on|hover&#8221; transform_rotate__hover_enabled=&#8221;on|desktop&#8221; transform_skew__hover_enabled=&#8221;on|desktop&#8221; transform_origin__hover_enabled=&#8221;on|desktop&#8221; button_letter_spacing__hover=&#8221;0px&#8221; button_letter_spacing__hover_enabled=&#8221;on|hover&#8221;][\/et_pb_button][\/et_pb_column][\/et_pb_row][\/et_pb_section][et_pb_section fb_built=&#8221;1&#8243; _builder_version=&#8221;4.16&#8243; custom_padding=&#8221;80px|0px|80px|0px|true|false&#8221; global_colors_info=&#8221;{}&#8221;][et_pb_row _builder_version=&#8221;4.16&#8243; custom_padding=&#8221;|0px||0px|false|false&#8221; global_colors_info=&#8221;{}&#8221;][et_pb_column type=&#8221;4_4&#8243; _builder_version=&#8221;4.16&#8243; custom_padding=&#8221;|||&#8221; global_colors_info=&#8221;{}&#8221; custom_padding__hover=&#8221;|||&#8221;][et_pb_text _builder_version=&#8221;4.24.0&#8243; _module_preset=&#8221;default&#8221; header_font=&#8221;Stars  Love||||||||&#8221; header_2_font=&#8221;Stars  Love|700|||||||&#8221; header_2_text_align=&#8221;left&#8221; header_2_text_color=&#8221;#666666&#8243; header_2_font_size=&#8221;40px&#8221; custom_margin=&#8221;0px||10px||false|false&#8221; custom_padding=&#8221;0px||0px||false|false&#8221; header_2_font_size_tablet=&#8221;50px&#8221; header_2_font_size_phone=&#8221;35px&#8221; header_2_font_size_last_edited=&#8221;on|phone&#8221; global_colors_info=&#8221;{}&#8221;]<\/p>\n<h2 style=\"text-align: center;\">Unser Team<\/h2>\n<p>[\/et_pb_text][\/et_pb_column][\/et_pb_row][et_pb_row column_structure=&#8221;1_3,1_3,1_3&#8243; use_custom_gutter=&#8221;on&#8221; _builder_version=&#8221;4.17.6&#8243; width=&#8221;100%&#8221; max_width=&#8221;1480px&#8221; global_colors_info=&#8221;{}&#8221;][et_pb_column type=&#8221;1_3&#8243; _builder_version=&#8221;4.16&#8243; custom_padding=&#8221;|||&#8221; global_colors_info=&#8221;{}&#8221; custom_padding__hover=&#8221;|||&#8221;][et_pb_blurb title=&#8221;Kirsten T\u00e4nzer&#8221; image=&#8221;https:\/\/schlagfix.com\/media\/2022\/07\/kirsten-taenzer.png&#8221; image_icon_width=&#8221;52%&#8221; _builder_version=&#8221;4.24.0&#8243; header_font=&#8221;Montserrat Regular|600|||||||&#8221; header_text_align=&#8221;center&#8221; header_text_color=&#8221;#000000&#8243; header_font_size=&#8221;23px&#8221; body_font=&#8221;Montserrat Regular|300|||||||&#8221; body_text_align=&#8221;center&#8221; body_text_color=&#8221;#000000&#8243; body_font_size=&#8221;17px&#8221; body_line_height=&#8221;1.6em&#8221; animation=&#8221;off&#8221; hover_enabled=&#8221;0&#8243; border_radii_image=&#8221;off|156px|156px||&#8221; image_max_width=&#8221;52%&#8221; global_colors_info=&#8221;{}&#8221; sticky_enabled=&#8221;0&#8243;]<\/p>\n<p>Gesch\u00e4ftsf\u00fchrerin<\/p>\n<p>[\/et_pb_blurb][\/et_pb_column][et_pb_column type=&#8221;1_3&#8243; _builder_version=&#8221;4.16&#8243; custom_padding=&#8221;|||&#8221; global_colors_info=&#8221;{}&#8221; custom_padding__hover=&#8221;|||&#8221;][et_pb_blurb title=&#8221;Christian Labude&#8221; image=&#8221;https:\/\/schlagfix.com\/media\/2022\/07\/christian-labude.png&#8221; image_icon_width=&#8221;52%&#8221; _builder_version=&#8221;4.24.0&#8243; header_font=&#8221;Montserrat Regular|600|||||||&#8221; header_text_align=&#8221;center&#8221; header_text_color=&#8221;#000000&#8243; header_font_size=&#8221;23px&#8221; body_font=&#8221;Montserrat Regular|300|||||||&#8221; body_text_align=&#8221;center&#8221; body_text_color=&#8221;#000000&#8243; body_font_size=&#8221;17px&#8221; body_line_height=&#8221;1.6em&#8221; animation=&#8221;off&#8221; hover_enabled=&#8221;0&#8243; border_radii_image=&#8221;off|156px|156px||&#8221; image_max_width=&#8221;52%&#8221; global_colors_info=&#8221;{}&#8221; sticky_enabled=&#8221;0&#8243;]<\/p>\n<p>Prokurist<\/p>\n<p>[\/et_pb_blurb][\/et_pb_column][et_pb_column type=&#8221;1_3&#8243; _builder_version=&#8221;4.16&#8243; custom_padding=&#8221;|||&#8221; global_colors_info=&#8221;{}&#8221; custom_padding__hover=&#8221;|||&#8221;][et_pb_blurb title=&#8221;Claudia Bauersfeld&#8221; image=&#8221;https:\/\/schlagfix.com\/media\/2022\/07\/Screenshot-2022-07-20-215941.png&#8221; image_icon_width=&#8221;52%&#8221; _builder_version=&#8221;4.24.0&#8243; header_font=&#8221;Montserrat Regular|600|||||||&#8221; header_text_align=&#8221;center&#8221; header_text_color=&#8221;#000000&#8243; header_font_size=&#8221;23px&#8221; body_font=&#8221;Montserrat Regular|300|||||||&#8221; body_text_align=&#8221;center&#8221; body_text_color=&#8221;#000000&#8243; body_font_size=&#8221;17px&#8221; body_line_height=&#8221;1.6em&#8221; animation=&#8221;off&#8221; hover_enabled=&#8221;0&#8243; border_radii_image=&#8221;off|156px|156px||&#8221; image_max_width=&#8221;52%&#8221; global_colors_info=&#8221;{}&#8221; sticky_enabled=&#8221;0&#8243;]<\/p>\n<p>Lager &amp; Logistik<\/p>\n<p>[\/et_pb_blurb][\/et_pb_column][\/et_pb_row][et_pb_row column_structure=&#8221;1_2,1_2&#8243; use_custom_gutter=&#8221;on&#8221; _builder_version=&#8221;4.17.6&#8243; width=&#8221;100%&#8221; max_width=&#8221;1480px&#8221; global_colors_info=&#8221;{}&#8221;][et_pb_column type=&#8221;1_2&#8243; _builder_version=&#8221;4.16&#8243; custom_padding=&#8221;|||&#8221; global_colors_info=&#8221;{}&#8221; custom_padding__hover=&#8221;|||&#8221;][et_pb_blurb title=&#8221;Sabine Herzig&#8221; image=&#8221;https:\/\/schlagfix.com\/media\/2022\/07\/Screenshot-2022-07-20-215927.png&#8221; image_icon_width=&#8221;52%&#8221; _builder_version=&#8221;4.24.0&#8243; header_font=&#8221;Montserrat Regular|600|||||||&#8221; header_text_align=&#8221;center&#8221; header_text_color=&#8221;#000000&#8243; header_font_size=&#8221;23px&#8221; body_font=&#8221;Montserrat Regular|300|||||||&#8221; body_text_align=&#8221;center&#8221; body_text_color=&#8221;#000000&#8243; body_font_size=&#8221;17px&#8221; body_line_height=&#8221;1.6em&#8221; animation=&#8221;off&#8221; hover_enabled=&#8221;0&#8243; border_radii_image=&#8221;off|156px|156px||&#8221; image_max_width=&#8221;52%&#8221; global_colors_info=&#8221;{}&#8221; sticky_enabled=&#8221;0&#8243;]<\/p>\n<p>Buchhaltung<\/p>\n<p>[\/et_pb_blurb][\/et_pb_column][et_pb_column type=&#8221;1_2&#8243; _builder_version=&#8221;4.16&#8243; custom_padding=&#8221;|||&#8221; global_colors_info=&#8221;{}&#8221; custom_padding__hover=&#8221;|||&#8221;][\/et_pb_column][\/et_pb_row][\/et_pb_section]<\/p>\n","protected":false},"excerpt":{"rendered":"<p>Die VisionSeit dem Jahr 2003 gibt es Schlagfix Produkte im Supermarkt. Strenge hausinterne Qualit\u00e4tskriterien, l\u00fcckenlose Kontrollen sowie st\u00e4ndige \u00dcberpr\u00fcfungen durch das renommierte Lebensmittel\u00fcberwachungsinstitut \u00d6HMI-Analytik Magdeburg garantieren eine herausragende Qualit\u00e4t. Bei den Rohstoffen achten wir auf einen lokalen und nachhaltigen Bezug. Unsere innovativen Rezepturen erm\u00f6glichen den bequemen Ersatz von tierischen Lebensmitteln.Kalorienarm und leicht vertr\u00e4glich. Rein pflanzliche [&hellip;]<\/p>\n","protected":false},"author":1,"featured_media":0,"parent":0,"menu_order":0,"comment_status":"closed","ping_status":"closed","template":"","meta":{"_et_pb_use_builder":"on","_et_pb_old_content":"<!-- wp:divi\/placeholder \/-->","_et_gb_content_width":"","footnotes":""},"dipi_cpt_category":[],"class_list":["post-54687","page","type-page","status-publish","hentry"],"yoast_head":"<!-- This site is optimized with the Yoast SEO plugin v27.4 - https:\/\/yoast.com\/product\/yoast-seo-wordpress\/ -->\n<title>\u00dcber uns - Schlagfix<\/title>\n<meta name=\"robots\" content=\"index, follow, max-snippet:-1, max-image-preview:large, max-video-preview:-1\" \/>\n<link rel=\"canonical\" href=\"https:\/\/schlagfix.com\/en\/ueber-uns\/\" \/>\n<meta property=\"og:locale\" content=\"en_GB\" \/>\n<meta property=\"og:type\" content=\"article\" \/>\n<meta property=\"og:title\" content=\"\u00dcber uns - Schlagfix\" \/>\n<meta property=\"og:description\" content=\"Die VisionSeit dem Jahr 2003 gibt es Schlagfix Produkte im Supermarkt. Strenge hausinterne Qualit\u00e4tskriterien, l\u00fcckenlose Kontrollen sowie st\u00e4ndige \u00dcberpr\u00fcfungen durch das renommierte Lebensmittel\u00fcberwachungsinstitut \u00d6HMI-Analytik Magdeburg garantieren eine herausragende Qualit\u00e4t. Bei den Rohstoffen achten wir auf einen lokalen und nachhaltigen Bezug. Unsere innovativen Rezepturen erm\u00f6glichen den bequemen Ersatz von tierischen Lebensmitteln.Kalorienarm und leicht vertr\u00e4glich. Rein pflanzliche [&hellip;]\" \/>\n<meta property=\"og:url\" content=\"https:\/\/schlagfix.com\/en\/ueber-uns\/\" \/>\n<meta property=\"og:site_name\" content=\"Schlagfix\" \/>\n<meta property=\"article:modified_time\" content=\"2024-03-19T13:58:24+00:00\" \/>\n<meta name=\"twitter:card\" content=\"summary_large_image\" \/>\n<script type=\"application\/ld+json\" class=\"yoast-schema-graph\">{\"@context\":\"https:\\\/\\\/schema.org\",\"@graph\":[{\"@type\":\"WebPage\",\"@id\":\"https:\\\/\\\/schlagfix.com\\\/ueber-uns\\\/\",\"url\":\"https:\\\/\\\/schlagfix.com\\\/ueber-uns\\\/\",\"name\":\"\u00dcber uns - Schlagfix\",\"isPartOf\":{\"@id\":\"https:\\\/\\\/schlagfix.com\\\/#website\"},\"datePublished\":\"2022-07-19T05:50:37+00:00\",\"dateModified\":\"2024-03-19T13:58:24+00:00\",\"breadcrumb\":{\"@id\":\"https:\\\/\\\/schlagfix.com\\\/ueber-uns\\\/#breadcrumb\"},\"inLanguage\":\"en-GB\",\"potentialAction\":[{\"@type\":\"ReadAction\",\"target\":[\"https:\\\/\\\/schlagfix.com\\\/ueber-uns\\\/\"]}]},{\"@type\":\"BreadcrumbList\",\"@id\":\"https:\\\/\\\/schlagfix.com\\\/ueber-uns\\\/#breadcrumb\",\"itemListElement\":[{\"@type\":\"ListItem\",\"position\":1,\"name\":\"Startseite\",\"item\":\"https:\\\/\\\/schlagfix.com\\\/\"},{\"@type\":\"ListItem\",\"position\":2,\"name\":\"\u00dcber uns\"}]},{\"@type\":\"WebSite\",\"@id\":\"https:\\\/\\\/schlagfix.com\\\/#website\",\"url\":\"https:\\\/\\\/schlagfix.com\\\/\",\"name\":\"Schlagfix\",\"description\":\"vegane Produktwelt von LeHa\",\"potentialAction\":[{\"@type\":\"SearchAction\",\"target\":{\"@type\":\"EntryPoint\",\"urlTemplate\":\"https:\\\/\\\/schlagfix.com\\\/?s={search_term_string}\"},\"query-input\":{\"@type\":\"PropertyValueSpecification\",\"valueRequired\":true,\"valueName\":\"search_term_string\"}}],\"inLanguage\":\"en-GB\"}]}<\/script>\n<!-- \/ Yoast SEO plugin. -->","yoast_head_json":{"title":"\u00dcber uns - Schlagfix","robots":{"index":"index","follow":"follow","max-snippet":"max-snippet:-1","max-image-preview":"max-image-preview:large","max-video-preview":"max-video-preview:-1"},"canonical":"https:\/\/schlagfix.com\/en\/ueber-uns\/","og_locale":"en_GB","og_type":"article","og_title":"\u00dcber uns - Schlagfix","og_description":"Die VisionSeit dem Jahr 2003 gibt es Schlagfix Produkte im Supermarkt. Strenge hausinterne Qualit\u00e4tskriterien, l\u00fcckenlose Kontrollen sowie st\u00e4ndige \u00dcberpr\u00fcfungen durch das renommierte Lebensmittel\u00fcberwachungsinstitut \u00d6HMI-Analytik Magdeburg garantieren eine herausragende Qualit\u00e4t. Bei den Rohstoffen achten wir auf einen lokalen und nachhaltigen Bezug. Unsere innovativen Rezepturen erm\u00f6glichen den bequemen Ersatz von tierischen Lebensmitteln.Kalorienarm und leicht vertr\u00e4glich. Rein pflanzliche [&hellip;]","og_url":"https:\/\/schlagfix.com\/en\/ueber-uns\/","og_site_name":"Schlagfix","article_modified_time":"2024-03-19T13:58:24+00:00","twitter_card":"summary_large_image","schema":{"@context":"https:\/\/schema.org","@graph":[{"@type":"WebPage","@id":"https:\/\/schlagfix.com\/ueber-uns\/","url":"https:\/\/schlagfix.com\/ueber-uns\/","name":"\u00dcber uns - Schlagfix","isPartOf":{"@id":"https:\/\/schlagfix.com\/#website"},"datePublished":"2022-07-19T05:50:37+00:00","dateModified":"2024-03-19T13:58:24+00:00","breadcrumb":{"@id":"https:\/\/schlagfix.com\/ueber-uns\/#breadcrumb"},"inLanguage":"en-GB","potentialAction":[{"@type":"ReadAction","target":["https:\/\/schlagfix.com\/ueber-uns\/"]}]},{"@type":"BreadcrumbList","@id":"https:\/\/schlagfix.com\/ueber-uns\/#breadcrumb","itemListElement":[{"@type":"ListItem","position":1,"name":"Startseite","item":"https:\/\/schlagfix.com\/"},{"@type":"ListItem","position":2,"name":"\u00dcber uns"}]},{"@type":"WebSite","@id":"https:\/\/schlagfix.com\/#website","url":"https:\/\/schlagfix.com\/","name":"SCHLAGFIX","description":"vegane Produktwelt von LeHa","potentialAction":[{"@type":"SearchAction","target":{"@type":"EntryPoint","urlTemplate":"https:\/\/schlagfix.com\/?s={search_term_string}"},"query-input":{"@type":"PropertyValueSpecification","valueRequired":true,"valueName":"search_term_string"}}],"inLanguage":"en-GB"}]}},"_links":{"self":[{"href":"https:\/\/schlagfix.com\/en\/wp-json\/wp\/v2\/pages\/54687","targetHints":{"allow":["GET"]}}],"collection":[{"href":"https:\/\/schlagfix.com\/en\/wp-json\/wp\/v2\/pages"}],"about":[{"href":"https:\/\/schlagfix.com\/en\/wp-json\/wp\/v2\/types\/page"}],"author":[{"embeddable":true,"href":"https:\/\/schlagfix.com\/en\/wp-json\/wp\/v2\/users\/1"}],"replies":[{"embeddable":true,"href":"https:\/\/schlagfix.com\/en\/wp-json\/wp\/v2\/comments?post=54687"}],"version-history":[{"count":2,"href":"https:\/\/schlagfix.com\/en\/wp-json\/wp\/v2\/pages\/54687\/revisions"}],"predecessor-version":[{"id":23418740,"href":"https:\/\/schlagfix.com\/en\/wp-json\/wp\/v2\/pages\/54687\/revisions\/23418740"}],"wp:attachment":[{"href":"https:\/\/schlagfix.com\/en\/wp-json\/wp\/v2\/media?parent=54687"}],"wp:term":[{"taxonomy":"dipi_cpt_category","embeddable":true,"href":"https:\/\/schlagfix.com\/en\/wp-json\/wp\/v2\/dipi_cpt_category?post=54687"}],"curies":[{"name":"wp","href":"https:\/\/api.w.org\/{rel}","templated":true}]}}