{"id":23419049,"date":"2024-08-21T09:01:07","date_gmt":"2024-08-21T07:01:07","guid":{"rendered":"https:\/\/schlagfix.com\/?page_id=23419049"},"modified":"2024-08-22T09:56:06","modified_gmt":"2024-08-22T07:56:06","slug":"freakshake","status":"publish","type":"page","link":"https:\/\/schlagfix.com\/en\/freakshake\/","title":{"rendered":"Freakshake"},"content":{"rendered":"<p>[et_pb_section fb_built=&#8221;1&#8243; _builder_version=&#8221;4.17.4&#8243; _module_preset=&#8221;default&#8221; custom_padding=&#8221;||0px|||&#8221; global_colors_info=&#8221;{}&#8221;][et_pb_row column_structure=&#8221;1_2,1_2&#8243; _builder_version=&#8221;4.17.4&#8243; _module_preset=&#8221;default&#8221; custom_padding=&#8221;||21px|||&#8221; global_colors_info=&#8221;{}&#8221;][et_pb_column type=&#8221;1_2&#8243; _builder_version=&#8221;4.17.4&#8243; _module_preset=&#8221;default&#8221; global_colors_info=&#8221;{}&#8221;][et_pb_text _builder_version=&#8221;4.24.0&#8243; _module_preset=&#8221;default&#8221; text_font=&#8221;Montserrat Regular||||||||&#8221; text_font_size=&#8221;15px&#8221; custom_margin=&#8221;0px||||false|false&#8221; custom_padding=&#8221;35px|35px|35px|35px|true|true&#8221; box_shadow_style=&#8221;preset1&#8243; global_colors_info=&#8221;{}&#8221;]<\/p>\n<p><strong><\/strong><span style=\"font-size: large;\"><strong><b>Freakshake<\/b><\/strong><\/span><\/p>\n<p><span style=\"font-weight: 400;\">Bei dem Freakshake muss man geschmacklich auf nichts verzichten. Statt Milch nimmt man einfach den veganen Eiskaffee von Schlagfix und kann sich so einen cremigen Milkshake ohne Milch mixen. Probieren Sie es aus.<\/span><\/p>\n<p><strong>Zutaten:<\/strong><strong><\/strong><\/p>\n<p><span style=\"font-weight: 400;\">&#8211; 4 Kugeln Eis nach Wahl<\/span><br \/><span style=\"font-weight: 400;\">&#8211; 300ml veganer Eiskaffee<\/span><br \/><span style=\"font-weight: 400;\">&#8211; 100 g <\/span><a href=\"https:\/\/schlagfix.com\/media\/2023\/12\/Produktblatt-universelle-Schlagcreme-1000ml.pdf\" target=\"_blank\" rel=\"noopener\"><span style=\"font-weight: 400;\">Schlagfix universelle Schlagcreme<\/span><\/a><span style=\"font-weight: 400;\"> oder <\/span><a href=\"https:\/\/schlagfix.com\/media\/2023\/12\/Produktblatt-gesuesste-Schlagcreme-1000-ml.pdf\" target=\"_blank\" rel=\"noopener\"><span style=\"font-weight: 400;\">Schlagfix ges\u00fc\u00dfte Schlagcreme<\/span><\/a><br \/>&#8211; Sirup nach Wahl<br \/>&#8211; 2 Donuts<\/p>\n<p>[\/et_pb_text][\/et_pb_column][et_pb_column type=&#8221;1_2&#8243; _builder_version=&#8221;4.17.4&#8243; _module_preset=&#8221;default&#8221; global_colors_info=&#8221;{}&#8221;][et_pb_image src=&#8221;https:\/\/schlagfix.com\/media\/2024\/08\/Medien.jpg&#8221; alt=&#8221;Vegane Vanilleso\u00dfe&#8221; title_text=&#8221;Medien&#8221; _builder_version=&#8221;4.24.0&#8243; _module_preset=&#8221;default&#8221; global_colors_info=&#8221;{}&#8221;][\/et_pb_image][\/et_pb_column][\/et_pb_row][et_pb_row _builder_version=&#8221;4.24.0&#8243; _module_preset=&#8221;default&#8221; min_height=&#8221;71px&#8221; custom_padding=&#8221;||0px|||&#8221; global_colors_info=&#8221;{}&#8221;][et_pb_column type=&#8221;4_4&#8243; _builder_version=&#8221;4.24.0&#8243; _module_preset=&#8221;default&#8221; global_colors_info=&#8221;{}&#8221;][et_pb_text _builder_version=&#8221;4.24.0&#8243; _module_preset=&#8221;default&#8221; text_font=&#8221;Stars  Love||||||||&#8221; text_text_color=&#8221;#E02B20&#8243; custom_margin=&#8221;||1px|||&#8221; global_colors_info=&#8221;{}&#8221;]<\/p>\n<h2 style=\"text-align: center;\"><span style=\"color: #ff0000;\"><strong>Unsere Gewinnspiele f\u00fcr dich<\/strong><\/span><\/h2>\n<p>[\/et_pb_text][et_pb_text _builder_version=&#8221;4.24.0&#8243; _module_preset=&#8221;default&#8221; text_font=&#8221;Stars  Love||||||||&#8221; text_text_color=&#8221;#000000&#8243; text_font_size=&#8221;20px&#8221; min_height=&#8221;12.8px&#8221; custom_padding=&#8221;||0px|||&#8221; hover_enabled=&#8221;0&#8243; global_colors_info=&#8221;{}&#8221; sticky_enabled=&#8221;0&#8243;]<\/p>\n<p style=\"text-align: center;\"><span style=\"color: #000000;\">Besuch uns\u00a0auf\u00a0<\/span><a href=\"https:\/\/www.instagram.com\/schlagfix\/\" target=\"_blank\" rel=\"noopener\">Instagram<\/a><\/p>\n<p>[\/et_pb_text][\/et_pb_column][\/et_pb_row][et_pb_row _builder_version=&#8221;4.24.0&#8243; _module_preset=&#8221;default&#8221; min_height=&#8221;317.6px&#8221; custom_padding=&#8221;0px|||||&#8221; global_colors_info=&#8221;{}&#8221;][et_pb_column type=&#8221;4_4&#8243; _builder_version=&#8221;4.24.0&#8243; _module_preset=&#8221;default&#8221; global_colors_info=&#8221;{}&#8221;][dipi_carousel _builder_version=&#8221;4.24.0&#8243; _module_preset=&#8221;default&#8221; global_colors_info=&#8221;{}&#8221;][dipi_carousel_child img_src=&#8221;https:\/\/schlagfix.com\/media\/2024\/08\/Schlagfix-1.jpg&#8221; _builder_version=&#8221;4.24.0&#8243; _module_preset=&#8221;default&#8221; global_colors_info=&#8221;{}&#8221;][\/dipi_carousel_child][dipi_carousel_child img_src=&#8221;https:\/\/schlagfix.com\/media\/2024\/08\/Schlagfix-2.jpg&#8221; _builder_version=&#8221;4.24.0&#8243; _module_preset=&#8221;default&#8221; global_colors_info=&#8221;{}&#8221;][\/dipi_carousel_child][dipi_carousel_child img_src=&#8221;https:\/\/schlagfix.com\/media\/2024\/08\/Schlagfix-3.jpg&#8221; _builder_version=&#8221;4.24.0&#8243; _module_preset=&#8221;default&#8221; global_colors_info=&#8221;{}&#8221;][\/dipi_carousel_child][dipi_carousel_child img_src=&#8221;https:\/\/schlagfix.com\/media\/2024\/08\/Schlagfix-4.jpg&#8221; _builder_version=&#8221;4.24.0&#8243; _module_preset=&#8221;default&#8221; global_colors_info=&#8221;{}&#8221;][\/dipi_carousel_child][\/dipi_carousel][\/et_pb_column][\/et_pb_row][et_pb_row _builder_version=&#8221;4.17.4&#8243; _module_preset=&#8221;default&#8221; min_height=&#8221;815.4px&#8221; custom_margin=&#8221;-19px|auto||auto||&#8221; global_colors_info=&#8221;{}&#8221;][et_pb_column type=&#8221;4_4&#8243; _builder_version=&#8221;4.17.4&#8243; _module_preset=&#8221;default&#8221; global_colors_info=&#8221;{}&#8221;][et_pb_text _builder_version=&#8221;4.24.0&#8243; _module_preset=&#8221;default&#8221; text_font=&#8221;Montserrat Regular||||||||&#8221; text_font_size=&#8221;15px&#8221; custom_margin=&#8221;||58px|||&#8221; custom_padding=&#8221;||2px|||&#8221; global_colors_info=&#8221;{}&#8221;]<\/p>\n<div><strong><\/strong><\/div>\n<div><strong><\/strong><\/div>\n<div><strong><\/strong><\/div>\n<div><strong><\/strong><\/div>\n<div><strong><\/strong><\/div>\n<div><strong><\/strong><\/div>\n<div><strong><\/strong><\/div>\n<div><strong><\/strong><\/div>\n<div><\/div>\n<div>\n<p><strong>Zubereitung:<\/strong><\/p>\n<p><span style=\"font-weight: 400;\">Zun\u00e4chst wird das Eis nach Wahl zusammen mit dem veganen Eiskaffee in einen Mixer gegeben. Dies wird dann ungef\u00e4hr 2 Minuten sch\u00e4umig durchgemixt. Anschlie\u00dfend wird der Shake kurz in den K\u00fchlschrank gestellt. W\u00e4hrenddessen der Shake im K\u00fchlschrank ist, wird die\u00a0 <\/span><a href=\"https:\/\/schlagfix.com\/media\/2023\/12\/Produktblatt-universelle-Schlagcreme-1000ml.pdf\" target=\"_blank\" rel=\"noopener\"><span style=\"font-weight: 400;\">Schlagcreme<\/span><\/a><span style=\"font-weight: 400;\"> aufgeschlagen. Wenn es etwas s\u00fc\u00dfer sein soll, kann man auch die <\/span><a href=\"https:\/\/schlagfix.com\/media\/2023\/12\/Produktblatt-gesuesste-Schlagcreme-1000-ml.pdf\" target=\"_blank\" rel=\"noopener\"><span style=\"font-weight: 400;\">ges\u00fc\u00dfte Schlagcreme<\/span><\/a><span style=\"font-weight: 400;\"> nehmen. <\/span><\/p>\n<p><span style=\"font-weight: 400;\">Anschlie\u00dfend k\u00f6nnen 2 Gl\u00e4ser mit dem Freakshake bef\u00fcllt und mit der veganen Schlagcreme dekoriert werden. Wenn Sie Ihr Glas noch extra dekorieren wollen, k\u00f6nnen Sie 1\/2 bis 1 EL Schokosauce im Glas verteilen und dann erst den Freakshake in das Glas geben. Dies sieht nicht nur super aus, sondern schmeckt auch noch sehr gut. Zus\u00e4tzlich k\u00f6nnen Sie einen Donut auf Ihr Glas legen und Ihren Freakshake mit einem Strohhalm durch die \u00d6ffnung in dem Donut genie\u00dfen. Der Donut ist nat\u00fcrlich nicht nur Deko, sondern kann anschlie\u00dfend gegessen werden.\u00a0<\/span><\/p>\n<p><b>Vegane Produkte von Schlagfix f\u00fcr deinen Freakshake!<\/b><\/p>\n<p><span style=\"font-weight: 400;\">Der vegane Eiskaffee ist die perfekte Alternative zu der herk\u00f6mmlichen Milch in einem Milkshake. So wird der Milkshake ihrer Wahl vegan und beh\u00e4lt trotzdem die gewohnte Cremigkeit.<\/span><\/p>\n<p><span style=\"font-weight: 400;\">Die<\/span><span style=\"font-weight: 400;\"> Schlagfix <a href=\"https:\/\/schlagfix.com\/media\/2023\/12\/Produktblatt-universelle-Schlagcreme-1000ml.pdf\" target=\"_blank\" rel=\"noopener\">universelle Schlagcreme<\/a><\/span><span style=\"font-weight: 400;\"> sowie die <\/span><a href=\"https:\/\/schlagfix.com\/media\/2023\/12\/Produktblatt-gesuesste-Schlagcreme-1000-ml.pdf\" target=\"_blank\" rel=\"noopener\"><span style=\"font-weight: 400;\">ges\u00fc\u00dfte Schlagcreme<\/span><\/a><span style=\"font-weight: 400;\"> haben ein Aufschlagvolumen von ca. 400% und machen deine Vanilleso\u00dfe daher unglaublich luftig und locker. Dabei kann nach eigenem Geschmack der Grad der S\u00fc\u00dfe ausgew\u00e4hlt werden. Die Schlagcremes sind perfekt verarbeitbar und haben eine lange Standstabilit\u00e4t.<\/span><\/p>\n<p><strong>Unsere Vision bei Schlagfix<\/strong><\/p>\n<p><span style=\"font-weight: 400;\">Seit dem Jahr 2003 sind unsere Schlagfix Produkte im Supermarkt zu finden. Strenge hausinterne Qualit\u00e4tskriterien, l\u00fcckenlose Kontrollen sowie st\u00e4ndige \u00dcberpr\u00fcfungen durch das renommierte Lebensmittel\u00fcberwachungsinstitut \u00d6HMI-Analytik Magdeburg garantieren eine herausragende Qualit\u00e4t unserer Produkte. Bei den Rohstoffen ist es uns wichtig, auf den lokalen und nachhaltigen Bezug zu achten. Unsere innovativen Rezepturen erm\u00f6glichen den bequemen Ersatz von tierischen Lebensmitteln ohne sp\u00fcrbaren Verzicht.<\/span><\/p>\n<p><span style=\"font-weight: 400;\">Unsere Produkte sind kalorienarm und leicht vertr\u00e4glich. Die pflanzlichen Milchersatzprodukte von Schlagfix bieten die perfekte Alternative f\u00fcr Allergiker, Veganer und alle, die sich bewusst ern\u00e4hren wollen.\u00a0<\/span><\/p>\n<p><span style=\"font-weight: 400;\">Seit \u00fcber 10 Jahren verfolgt LeHA mit mit seiner Marke Schlagfix eine klare Strategie: Mit pflanzlichen Produkten gesunde Alternativen zu Milchprodukten schaffen.<\/span><\/p>\n<\/div>\n<p>[\/et_pb_text][\/et_pb_column][\/et_pb_row][\/et_pb_section]<\/p>\n","protected":false},"excerpt":{"rendered":"<p>Freakshake Bei dem Freakshake muss man geschmacklich auf nichts verzichten. Statt Milch nimmt man einfach den veganen Eiskaffee von Schlagfix und kann sich so einen cremigen Milkshake ohne Milch mixen. Probieren Sie es aus. Zutaten: &#8211; 4 Kugeln Eis nach Wahl- 300ml veganer Eiskaffee- 100 g Schlagfix universelle Schlagcreme oder Schlagfix ges\u00fc\u00dfte Schlagcreme- Sirup nach [&hellip;]<\/p>\n","protected":false},"author":11,"featured_media":0,"parent":0,"menu_order":0,"comment_status":"closed","ping_status":"closed","template":"","meta":{"_et_pb_use_builder":"on","_et_pb_old_content":"","_et_gb_content_width":"","footnotes":""},"dipi_cpt_category":[],"class_list":["post-23419049","page","type-page","status-publish","hentry"],"yoast_head":"<!-- This site is optimized with the Yoast SEO plugin v27.4 - https:\/\/yoast.com\/product\/yoast-seo-wordpress\/ -->\n<title>Freakshake - Schlagfix<\/title>\n<meta name=\"description\" content=\"Schlagfix Freakshake: Der Freakshake ist eine Mischung aus Milkshake und Eiskaffee. Nutzen Sie anstatt Milch unseren Schlagfix Eiskaffee.\" \/>\n<meta name=\"robots\" content=\"index, follow, max-snippet:-1, max-image-preview:large, max-video-preview:-1\" \/>\n<link rel=\"canonical\" href=\"https:\/\/schlagfix.com\/en\/freakshake\/\" \/>\n<meta property=\"og:locale\" content=\"en_GB\" \/>\n<meta property=\"og:type\" content=\"article\" \/>\n<meta property=\"og:title\" content=\"Freakshake - Schlagfix\" \/>\n<meta property=\"og:description\" content=\"Schlagfix Freakshake: Der Freakshake ist eine Mischung aus Milkshake und Eiskaffee. Nutzen Sie anstatt Milch unseren Schlagfix Eiskaffee.\" \/>\n<meta property=\"og:url\" content=\"https:\/\/schlagfix.com\/en\/freakshake\/\" \/>\n<meta property=\"og:site_name\" content=\"Schlagfix\" \/>\n<meta property=\"article:modified_time\" content=\"2024-08-22T07:56:06+00:00\" \/>\n<meta name=\"twitter:card\" content=\"summary_large_image\" \/>\n<meta name=\"twitter:label1\" content=\"Estimated reading time\" \/>\n\t<meta name=\"twitter:data1\" content=\"3 minutes\" \/>\n<script type=\"application\/ld+json\" class=\"yoast-schema-graph\">{\"@context\":\"https:\\\/\\\/schema.org\",\"@graph\":[{\"@type\":\"WebPage\",\"@id\":\"https:\\\/\\\/schlagfix.com\\\/freakshake\\\/\",\"url\":\"https:\\\/\\\/schlagfix.com\\\/freakshake\\\/\",\"name\":\"Freakshake - Schlagfix\",\"isPartOf\":{\"@id\":\"https:\\\/\\\/schlagfix.com\\\/#website\"},\"datePublished\":\"2024-08-21T07:01:07+00:00\",\"dateModified\":\"2024-08-22T07:56:06+00:00\",\"description\":\"Schlagfix Freakshake: Der Freakshake ist eine Mischung aus Milkshake und Eiskaffee. Nutzen Sie anstatt Milch unseren Schlagfix Eiskaffee.\",\"breadcrumb\":{\"@id\":\"https:\\\/\\\/schlagfix.com\\\/freakshake\\\/#breadcrumb\"},\"inLanguage\":\"en-GB\",\"potentialAction\":[{\"@type\":\"ReadAction\",\"target\":[\"https:\\\/\\\/schlagfix.com\\\/freakshake\\\/\"]}]},{\"@type\":\"BreadcrumbList\",\"@id\":\"https:\\\/\\\/schlagfix.com\\\/freakshake\\\/#breadcrumb\",\"itemListElement\":[{\"@type\":\"ListItem\",\"position\":1,\"name\":\"Startseite\",\"item\":\"https:\\\/\\\/schlagfix.com\\\/\"},{\"@type\":\"ListItem\",\"position\":2,\"name\":\"Freakshake\"}]},{\"@type\":\"WebSite\",\"@id\":\"https:\\\/\\\/schlagfix.com\\\/#website\",\"url\":\"https:\\\/\\\/schlagfix.com\\\/\",\"name\":\"Schlagfix\",\"description\":\"vegane Produktwelt von LeHa\",\"potentialAction\":[{\"@type\":\"SearchAction\",\"target\":{\"@type\":\"EntryPoint\",\"urlTemplate\":\"https:\\\/\\\/schlagfix.com\\\/?s={search_term_string}\"},\"query-input\":{\"@type\":\"PropertyValueSpecification\",\"valueRequired\":true,\"valueName\":\"search_term_string\"}}],\"inLanguage\":\"en-GB\"}]}<\/script>\n<!-- \/ Yoast SEO plugin. -->","yoast_head_json":{"title":"Freakshake - Schlagfix","description":"Schlagfix Freakshake: Der Freakshake ist eine Mischung aus Milkshake und Eiskaffee. Nutzen Sie anstatt Milch unseren Schlagfix Eiskaffee.","robots":{"index":"index","follow":"follow","max-snippet":"max-snippet:-1","max-image-preview":"max-image-preview:large","max-video-preview":"max-video-preview:-1"},"canonical":"https:\/\/schlagfix.com\/en\/freakshake\/","og_locale":"en_GB","og_type":"article","og_title":"Freakshake - Schlagfix","og_description":"Schlagfix Freakshake: Der Freakshake ist eine Mischung aus Milkshake und Eiskaffee. Nutzen Sie anstatt Milch unseren Schlagfix Eiskaffee.","og_url":"https:\/\/schlagfix.com\/en\/freakshake\/","og_site_name":"Schlagfix","article_modified_time":"2024-08-22T07:56:06+00:00","twitter_card":"summary_large_image","twitter_misc":{"Estimated reading time":"3 minutes"},"schema":{"@context":"https:\/\/schema.org","@graph":[{"@type":"WebPage","@id":"https:\/\/schlagfix.com\/freakshake\/","url":"https:\/\/schlagfix.com\/freakshake\/","name":"Freakshake - Schlagfix","isPartOf":{"@id":"https:\/\/schlagfix.com\/#website"},"datePublished":"2024-08-21T07:01:07+00:00","dateModified":"2024-08-22T07:56:06+00:00","description":"Schlagfix Freakshake: Der Freakshake ist eine Mischung aus Milkshake und Eiskaffee. Nutzen Sie anstatt Milch unseren Schlagfix Eiskaffee.","breadcrumb":{"@id":"https:\/\/schlagfix.com\/freakshake\/#breadcrumb"},"inLanguage":"en-GB","potentialAction":[{"@type":"ReadAction","target":["https:\/\/schlagfix.com\/freakshake\/"]}]},{"@type":"BreadcrumbList","@id":"https:\/\/schlagfix.com\/freakshake\/#breadcrumb","itemListElement":[{"@type":"ListItem","position":1,"name":"Startseite","item":"https:\/\/schlagfix.com\/"},{"@type":"ListItem","position":2,"name":"Freakshake"}]},{"@type":"WebSite","@id":"https:\/\/schlagfix.com\/#website","url":"https:\/\/schlagfix.com\/","name":"SCHLAGFIX","description":"vegane Produktwelt von LeHa","potentialAction":[{"@type":"SearchAction","target":{"@type":"EntryPoint","urlTemplate":"https:\/\/schlagfix.com\/?s={search_term_string}"},"query-input":{"@type":"PropertyValueSpecification","valueRequired":true,"valueName":"search_term_string"}}],"inLanguage":"en-GB"}]}},"_links":{"self":[{"href":"https:\/\/schlagfix.com\/en\/wp-json\/wp\/v2\/pages\/23419049","targetHints":{"allow":["GET"]}}],"collection":[{"href":"https:\/\/schlagfix.com\/en\/wp-json\/wp\/v2\/pages"}],"about":[{"href":"https:\/\/schlagfix.com\/en\/wp-json\/wp\/v2\/types\/page"}],"author":[{"embeddable":true,"href":"https:\/\/schlagfix.com\/en\/wp-json\/wp\/v2\/users\/11"}],"replies":[{"embeddable":true,"href":"https:\/\/schlagfix.com\/en\/wp-json\/wp\/v2\/comments?post=23419049"}],"version-history":[{"count":21,"href":"https:\/\/schlagfix.com\/en\/wp-json\/wp\/v2\/pages\/23419049\/revisions"}],"predecessor-version":[{"id":23419087,"href":"https:\/\/schlagfix.com\/en\/wp-json\/wp\/v2\/pages\/23419049\/revisions\/23419087"}],"wp:attachment":[{"href":"https:\/\/schlagfix.com\/en\/wp-json\/wp\/v2\/media?parent=23419049"}],"wp:term":[{"taxonomy":"dipi_cpt_category","embeddable":true,"href":"https:\/\/schlagfix.com\/en\/wp-json\/wp\/v2\/dipi_cpt_category?post=23419049"}],"curies":[{"name":"wp","href":"https:\/\/api.w.org\/{rel}","templated":true}]}}