{"id":19672543,"date":"2022-10-19T13:00:38","date_gmt":"2022-10-19T11:00:38","guid":{"rendered":"https:\/\/schlagfix.com\/?page_id=19672543"},"modified":"2026-02-18T10:35:54","modified_gmt":"2026-02-18T08:35:54","slug":"blog-neu","status":"publish","type":"page","link":"https:\/\/schlagfix.com\/en\/blog-neu\/","title":{"rendered":"Blog neu"},"content":{"rendered":"<p>[et_pb_section fb_built=&#8221;1&#8243; custom_padding_last_edited=&#8221;on|phone&#8221; next_background_color=&#8221;#ffffff&#8221; _builder_version=&#8221;4.17.6&#8243; _module_preset=&#8221;default&#8221; use_background_color_gradient=&#8221;on&#8221; background_color_gradient_stops=&#8221;rgba(255,255,255,0.33) 0%|rgba(255,255,255,0.47) 35%&#8221; background_color_gradient_overlays_image=&#8221;on&#8221; background_image=&#8221;https:\/\/schlagfix.com\/media\/2022\/08\/Design-ohne-Titel-35.png&#8221; parallax=&#8221;on&#8221; background_enable_video_mp4=&#8221;off&#8221; height=&#8221;61vh&#8221; height_tablet=&#8221;60vh&#8221; height_phone=&#8221;60vh&#8221; height_last_edited=&#8221;on|phone&#8221; max_height=&#8221;100vh&#8221; max_height_tablet=&#8221;60vh&#8221; max_height_phone=&#8221;60vh&#8221; max_height_last_edited=&#8221;on|tablet&#8221; custom_margin=&#8221;0px||0px||false|false&#8221; custom_padding=&#8221;0px||0px||false|false&#8221; custom_padding_tablet=&#8221;100px||100px||true|false&#8221; custom_padding_phone=&#8221;100px||100px||true|false&#8221; bottom_divider_style=&#8221;curve&#8221; animation_style=&#8221;fade&#8221; animation_duration=&#8221;850ms&#8221; global_colors_info=&#8221;{}&#8221;][et_pb_row custom_padding_last_edited=&#8221;on|phone&#8221; _builder_version=&#8221;4.17.4&#8243; _module_preset=&#8221;default&#8221; positioning=&#8221;absolute&#8221; position_origin_a=&#8221;center_center&#8221; position_origin_a_tablet=&#8221;center_center&#8221; position_origin_a_phone=&#8221;center_center&#8221; position_origin_a_last_edited=&#8221;on|phone&#8221; position_origin_f_tablet=&#8221;&#8221; position_origin_f_phone=&#8221;&#8221; position_origin_f_last_edited=&#8221;on|phone&#8221; position_origin_r_tablet=&#8221;&#8221; position_origin_r_phone=&#8221;&#8221; position_origin_r_last_edited=&#8221;on|phone&#8221; width=&#8221;90%&#8221; max_width=&#8221;770px&#8221; custom_margin=&#8221;1px|auto|-28px|auto|false|false&#8221; custom_padding=&#8221;0px||0px||false|false&#8221; custom_padding_tablet=&#8221;0px||||false|false&#8221; custom_padding_phone=&#8221;0px||0px||false|false&#8221; positioning_tablet=&#8221;none&#8221; positioning_phone=&#8221;none&#8221; positioning_last_edited=&#8221;on|tablet&#8221; custom_css_main_element=&#8221;text-align:center;&#8221; global_colors_info=&#8221;{}&#8221;][et_pb_column type=&#8221;4_4&#8243; _builder_version=&#8221;4.17.4&#8243; _module_preset=&#8221;default&#8221; global_colors_info=&#8221;{}&#8221;][et_pb_text _builder_version=&#8221;4.17.6&#8243; _module_preset=&#8221;default&#8221; text_font=&#8221;Signika|600|||||||&#8221; text_text_color=&#8221;#4c4c4c&#8221; text_font_size=&#8221;52px&#8221; text_line_height=&#8221;1.1em&#8221; text_orientation=&#8221;center&#8221; locked=&#8221;off&#8221; global_colors_info=&#8221;{}&#8221;]<\/p>\n<p>AKTUELLES<\/p>\n<p>[\/et_pb_text][\/et_pb_column][\/et_pb_row][\/et_pb_section][et_pb_section fb_built=&#8221;1&#8243; _builder_version=&#8221;4.17.4&#8243; _module_preset=&#8221;default&#8221; custom_padding=&#8221;||79px|||&#8221; global_colors_info=&#8221;{}&#8221;][et_pb_row _builder_version=&#8221;4.17.4&#8243; _module_preset=&#8221;default&#8221; global_colors_info=&#8221;{}&#8221;][et_pb_column type=&#8221;4_4&#8243; _builder_version=&#8221;4.17.4&#8243; _module_preset=&#8221;default&#8221; global_colors_info=&#8221;{}&#8221;][et_pb_blog fullwidth=&#8221;off&#8221; posts_number=&#8221;12&#8243; include_categories=&#8221;all&#8221; excerpt_length=&#8221;123&#8243; show_more=&#8221;on&#8221; show_author=&#8221;off&#8221; show_date=&#8221;off&#8221; show_categories=&#8221;off&#8221; show_pagination=&#8221;off&#8221; _builder_version=&#8221;4.24.0&#8243; _module_preset=&#8221;default&#8221; header_line_height=&#8221;1.3em&#8221; body_font=&#8221;||||||||&#8221; custom_css_free_form=&#8221;||&#8221; box_shadow_style=&#8221;preset1&#8243; global_colors_info=&#8221;{}&#8221;][\/et_pb_blog][\/et_pb_column][\/et_pb_row][et_pb_row _builder_version=&#8221;4.17.6&#8243; _module_preset=&#8221;default&#8221; custom_margin=&#8221;56px|auto||auto||&#8221; global_colors_info=&#8221;{}&#8221;][et_pb_column type=&#8221;4_4&#8243; _builder_version=&#8221;4.17.6&#8243; _module_preset=&#8221;default&#8221; global_colors_info=&#8221;{}&#8221;][et_pb_text _builder_version=&#8221;4.17.6&#8243; _module_preset=&#8221;default&#8221; text_font=&#8221;Signika||||||||&#8221; text_text_color=&#8221;#898989&#8243; text_font_size=&#8221;18px&#8221; text_letter_spacing=&#8221;2px&#8221; global_colors_info=&#8221;{}&#8221;]<\/p>\n<h3 style=\"text-align: center;\">WUSSTEST DU SCHON?<\/h3>\n<p>[\/et_pb_text][\/et_pb_column][\/et_pb_row][et_pb_row column_structure=&#8221;1_3,1_3,1_3&#8243; _builder_version=&#8221;4.17.6&#8243; _module_preset=&#8221;default&#8221; global_colors_info=&#8221;{}&#8221;][et_pb_column type=&#8221;1_3&#8243; _builder_version=&#8221;4.17.6&#8243; _module_preset=&#8221;default&#8221; box_shadow_style=&#8221;preset1&#8243; global_colors_info=&#8221;{}&#8221;][et_pb_text _builder_version=&#8221;4.17.6&#8243; _module_preset=&#8221;default&#8221; text_font=&#8221;Signika||||||||&#8221; text_font_size=&#8221;15px&#8221; custom_padding=&#8221;39px|15px|39px|15px|true|true&#8221; global_colors_info=&#8221;{}&#8221;]<\/p>\n<p><span>W\u00e4hrend ein Hektar \u00d6lpalmen etwa 3,3 Tonnen \u00d6l liefert, sind es bei Kokospalmen nicht einmal 0,7 Tonnen.<\/span><\/p>\n<p>[\/et_pb_text][\/et_pb_column][et_pb_column type=&#8221;1_3&#8243; _builder_version=&#8221;4.17.6&#8243; _module_preset=&#8221;default&#8221; box_shadow_style=&#8221;preset1&#8243; global_colors_info=&#8221;{}&#8221;][et_pb_text _builder_version=&#8221;4.17.6&#8243; _module_preset=&#8221;default&#8221; text_font=&#8221;Signika||||||||&#8221; text_font_size=&#8221;15px&#8221; custom_margin=&#8221;||1px|||&#8221; custom_padding=&#8221;15px|15px|15px|15px|true|true&#8221; global_colors_info=&#8221;{}&#8221;]<\/p>\n<p>K\u00f6nnen wir uns vorstellen, 35 Wochen kein Auto zu fahren? Wahrscheinlich nicht, aber wenn eine vierk\u00f6pfige Familie eine Woche vegan essen w\u00fcrde, h\u00e4tte das den gleichen positiven Effekt auf die Umwelt.<\/p>\n<p>[\/et_pb_text][\/et_pb_column][et_pb_column type=&#8221;1_3&#8243; _builder_version=&#8221;4.17.6&#8243; _module_preset=&#8221;default&#8221; box_shadow_style=&#8221;preset1&#8243; global_colors_info=&#8221;{}&#8221;][et_pb_text _builder_version=&#8221;4.17.6&#8243; _module_preset=&#8221;default&#8221; text_font=&#8221;Signika||||||||&#8221; text_font_size=&#8221;15px&#8221; custom_padding=&#8221;27px|15px|27px|15px|true|true&#8221; global_colors_info=&#8221;{}&#8221;]<\/p>\n<p><span>Die Zahl pflanzlicher Gastronomiebetriebe in Deutschland ist in den letzten Jahren deutlich gestiegen: Etwa 300 vegane Restaurants gab es 2021 hierzulande.<\/span><\/p>\n<p>[\/et_pb_text][\/et_pb_column][\/et_pb_row][\/et_pb_section]<\/p>\n","protected":false},"excerpt":{"rendered":"<p>AKTUELLESWUSSTEST DU SCHON?W\u00e4hrend ein Hektar \u00d6lpalmen etwa 3,3 Tonnen \u00d6l liefert, sind es bei Kokospalmen nicht einmal 0,7 Tonnen.K\u00f6nnen wir uns vorstellen, 35 Wochen kein Auto zu fahren? Wahrscheinlich nicht, aber wenn eine vierk\u00f6pfige Familie eine Woche vegan essen w\u00fcrde, h\u00e4tte das den gleichen positiven Effekt auf die Umwelt.Die Zahl pflanzlicher Gastronomiebetriebe in Deutschland ist [&hellip;]<\/p>\n","protected":false},"author":1,"featured_media":0,"parent":0,"menu_order":0,"comment_status":"closed","ping_status":"closed","template":"","meta":{"_et_pb_use_builder":"on","_et_pb_old_content":"<!-- wp:divi\/placeholder \/-->","_et_gb_content_width":"","footnotes":""},"dipi_cpt_category":[],"class_list":["post-19672543","page","type-page","status-publish","hentry"],"yoast_head":"<!-- This site is optimized with the Yoast SEO plugin v27.4 - https:\/\/yoast.com\/product\/yoast-seo-wordpress\/ -->\n<title>Blog neu - Schlagfix<\/title>\n<meta name=\"robots\" content=\"index, follow, max-snippet:-1, max-image-preview:large, max-video-preview:-1\" \/>\n<link rel=\"canonical\" href=\"https:\/\/schlagfix.com\/en\/blog-neu\/\" \/>\n<meta property=\"og:locale\" content=\"en_GB\" \/>\n<meta property=\"og:type\" content=\"article\" \/>\n<meta property=\"og:title\" content=\"Blog neu - Schlagfix\" \/>\n<meta property=\"og:description\" content=\"AKTUELLESWUSSTEST DU SCHON?W\u00e4hrend ein Hektar \u00d6lpalmen etwa 3,3 Tonnen \u00d6l liefert, sind es bei Kokospalmen nicht einmal 0,7 Tonnen.K\u00f6nnen wir uns vorstellen, 35 Wochen kein Auto zu fahren? Wahrscheinlich nicht, aber wenn eine vierk\u00f6pfige Familie eine Woche vegan essen w\u00fcrde, h\u00e4tte das den gleichen positiven Effekt auf die Umwelt.Die Zahl pflanzlicher Gastronomiebetriebe in Deutschland ist [&hellip;]\" \/>\n<meta property=\"og:url\" content=\"https:\/\/schlagfix.com\/en\/blog-neu\/\" \/>\n<meta property=\"og:site_name\" content=\"Schlagfix\" \/>\n<meta property=\"article:modified_time\" content=\"2026-02-18T08:35:54+00:00\" \/>\n<meta name=\"twitter:card\" content=\"summary_large_image\" \/>\n<meta name=\"twitter:label1\" content=\"Estimated reading time\" \/>\n\t<meta name=\"twitter:data1\" content=\"1 minute\" \/>\n<script type=\"application\/ld+json\" class=\"yoast-schema-graph\">{\"@context\":\"https:\\\/\\\/schema.org\",\"@graph\":[{\"@type\":\"WebPage\",\"@id\":\"https:\\\/\\\/schlagfix.com\\\/blog-neu\\\/\",\"url\":\"https:\\\/\\\/schlagfix.com\\\/blog-neu\\\/\",\"name\":\"Blog neu - Schlagfix\",\"isPartOf\":{\"@id\":\"https:\\\/\\\/schlagfix.com\\\/#website\"},\"datePublished\":\"2022-10-19T11:00:38+00:00\",\"dateModified\":\"2026-02-18T08:35:54+00:00\",\"breadcrumb\":{\"@id\":\"https:\\\/\\\/schlagfix.com\\\/blog-neu\\\/#breadcrumb\"},\"inLanguage\":\"en-GB\",\"potentialAction\":[{\"@type\":\"ReadAction\",\"target\":[\"https:\\\/\\\/schlagfix.com\\\/blog-neu\\\/\"]}]},{\"@type\":\"BreadcrumbList\",\"@id\":\"https:\\\/\\\/schlagfix.com\\\/blog-neu\\\/#breadcrumb\",\"itemListElement\":[{\"@type\":\"ListItem\",\"position\":1,\"name\":\"Startseite\",\"item\":\"https:\\\/\\\/schlagfix.com\\\/\"},{\"@type\":\"ListItem\",\"position\":2,\"name\":\"Blog neu\"}]},{\"@type\":\"WebSite\",\"@id\":\"https:\\\/\\\/schlagfix.com\\\/#website\",\"url\":\"https:\\\/\\\/schlagfix.com\\\/\",\"name\":\"Schlagfix\",\"description\":\"vegane Produktwelt von LeHa\",\"potentialAction\":[{\"@type\":\"SearchAction\",\"target\":{\"@type\":\"EntryPoint\",\"urlTemplate\":\"https:\\\/\\\/schlagfix.com\\\/?s={search_term_string}\"},\"query-input\":{\"@type\":\"PropertyValueSpecification\",\"valueRequired\":true,\"valueName\":\"search_term_string\"}}],\"inLanguage\":\"en-GB\"}]}<\/script>\n<!-- \/ Yoast SEO plugin. -->","yoast_head_json":{"title":"Blog neu - Schlagfix","robots":{"index":"index","follow":"follow","max-snippet":"max-snippet:-1","max-image-preview":"max-image-preview:large","max-video-preview":"max-video-preview:-1"},"canonical":"https:\/\/schlagfix.com\/en\/blog-neu\/","og_locale":"en_GB","og_type":"article","og_title":"Blog neu - Schlagfix","og_description":"AKTUELLESWUSSTEST DU SCHON?W\u00e4hrend ein Hektar \u00d6lpalmen etwa 3,3 Tonnen \u00d6l liefert, sind es bei Kokospalmen nicht einmal 0,7 Tonnen.K\u00f6nnen wir uns vorstellen, 35 Wochen kein Auto zu fahren? Wahrscheinlich nicht, aber wenn eine vierk\u00f6pfige Familie eine Woche vegan essen w\u00fcrde, h\u00e4tte das den gleichen positiven Effekt auf die Umwelt.Die Zahl pflanzlicher Gastronomiebetriebe in Deutschland ist [&hellip;]","og_url":"https:\/\/schlagfix.com\/en\/blog-neu\/","og_site_name":"Schlagfix","article_modified_time":"2026-02-18T08:35:54+00:00","twitter_card":"summary_large_image","twitter_misc":{"Estimated reading time":"1 minute"},"schema":{"@context":"https:\/\/schema.org","@graph":[{"@type":"WebPage","@id":"https:\/\/schlagfix.com\/blog-neu\/","url":"https:\/\/schlagfix.com\/blog-neu\/","name":"Blog neu - Schlagfix","isPartOf":{"@id":"https:\/\/schlagfix.com\/#website"},"datePublished":"2022-10-19T11:00:38+00:00","dateModified":"2026-02-18T08:35:54+00:00","breadcrumb":{"@id":"https:\/\/schlagfix.com\/blog-neu\/#breadcrumb"},"inLanguage":"en-GB","potentialAction":[{"@type":"ReadAction","target":["https:\/\/schlagfix.com\/blog-neu\/"]}]},{"@type":"BreadcrumbList","@id":"https:\/\/schlagfix.com\/blog-neu\/#breadcrumb","itemListElement":[{"@type":"ListItem","position":1,"name":"Startseite","item":"https:\/\/schlagfix.com\/"},{"@type":"ListItem","position":2,"name":"Blog neu"}]},{"@type":"WebSite","@id":"https:\/\/schlagfix.com\/#website","url":"https:\/\/schlagfix.com\/","name":"SCHLAGFIX","description":"vegane Produktwelt von LeHa","potentialAction":[{"@type":"SearchAction","target":{"@type":"EntryPoint","urlTemplate":"https:\/\/schlagfix.com\/?s={search_term_string}"},"query-input":{"@type":"PropertyValueSpecification","valueRequired":true,"valueName":"search_term_string"}}],"inLanguage":"en-GB"}]}},"_links":{"self":[{"href":"https:\/\/schlagfix.com\/en\/wp-json\/wp\/v2\/pages\/19672543","targetHints":{"allow":["GET"]}}],"collection":[{"href":"https:\/\/schlagfix.com\/en\/wp-json\/wp\/v2\/pages"}],"about":[{"href":"https:\/\/schlagfix.com\/en\/wp-json\/wp\/v2\/types\/page"}],"author":[{"embeddable":true,"href":"https:\/\/schlagfix.com\/en\/wp-json\/wp\/v2\/users\/1"}],"replies":[{"embeddable":true,"href":"https:\/\/schlagfix.com\/en\/wp-json\/wp\/v2\/comments?post=19672543"}],"version-history":[{"count":3,"href":"https:\/\/schlagfix.com\/en\/wp-json\/wp\/v2\/pages\/19672543\/revisions"}],"predecessor-version":[{"id":23419567,"href":"https:\/\/schlagfix.com\/en\/wp-json\/wp\/v2\/pages\/19672543\/revisions\/23419567"}],"wp:attachment":[{"href":"https:\/\/schlagfix.com\/en\/wp-json\/wp\/v2\/media?parent=19672543"}],"wp:term":[{"taxonomy":"dipi_cpt_category","embeddable":true,"href":"https:\/\/schlagfix.com\/en\/wp-json\/wp\/v2\/dipi_cpt_category?post=19672543"}],"curies":[{"name":"wp","href":"https:\/\/api.w.org\/{rel}","templated":true}]}}